{"id":1177,"date":"2025-02-21T09:41:50","date_gmt":"2025-02-21T08:41:50","guid":{"rendered":"https:\/\/airportkomoca.com\/rolunk\/"},"modified":"2025-04-17T09:27:59","modified_gmt":"2025-04-17T07:27:59","slug":"rolunk","status":"publish","type":"page","link":"https:\/\/airportkomoca.com\/hu\/rolunk\/","title":{"rendered":"R\u00f3lunk"},"content":{"rendered":"\n  <div id=\"page-header-1378729261\" class=\"page-header-wrapper\">\n  <div class=\"page-title dark featured-title\">\n\n        <div class=\"page-title-bg\">\n      <div class=\"title-bg fill bg-fill\"\n        data-parallax-container=\".page-title\"\n        data-parallax-background\n        data-parallax=\"-\">\n      <\/div>\n      <div class=\"title-overlay fill\"><\/div>\n    <\/div>\n    \n    <div class=\"page-title-inner container align-center text-center flex-row-col medium-flex-wrap\" >\n              <div class=\"title-wrapper uppercase flex-col\">\n          <h1 class=\"entry-title mb-0\">\n            R\u00f3lunk          <\/h1>\n        <\/div>\n                    <div class=\"title-content flex-col\">\n              <\/div>\n    <\/div>\n\n     \n<style>\n#page-header-1378729261 .page-title-inner {\n  min-height: 200px;\n}\n#page-header-1378729261 .title-bg {\n  background-image: url(https:\/\/airportkomoca.com\/wp-content\/uploads\/lk-hero-banner-2.jpg);\n  background-position: 50% 50%;\n}\n#page-header-1378729261 .title-overlay {\n  background-color: rgba(0,0,0,.5);\n}\n<\/style>\n  <\/div>\n    <\/div>\n  \n\n\n\t<section class=\"section\" id=\"section_88030990\">\n\t\t<div class=\"section-bg fill\" >\n\t\t\t\t\t\t\t\t\t\n\t\t\t\n\n\t\t<\/div>\n\n\t\t\n\n\t\t<div class=\"section-content relative\">\n\t\t\t\n\n<div class=\"row\"  id=\"row-717019252\">\n\n\n\t<div id=\"col-2131871983\" class=\"col medium-4 small-12 large-4\"  >\n\t\t\t\t<div class=\"col-inner\"  >\n\t\t\t\n\t\t\t\n\n\n  \n    <div class=\"row  lightbox-multi-gallery large-columns-2 medium-columns-2 small-columns-3 row-small\" >\n  <div class=\"gallery-col col\" >\n          <div class=\"col-inner\">\n            <a class=\"\" href=\"https:\/\/airportkomoca.com\/wp-content\/uploads\/lk-hero-banner-5.jpg\" title=\"\">            <div class=\"box has-hover gallery-box box-none\">\n              <div class=\"box-image image-zoom-long image-cover\" style=\"padding-top:100%;\">\n                <img decoding=\"async\" width=\"1920\" height=\"1080\" src=\"https:\/\/airportkomoca.com\/wp-content\/uploads\/lk-hero-banner-5.jpg\" class=\"attachment-original size-original\" alt=\"\" ids=\"1069,1070,1068,1067,1066,1065\" style=\"none\" lightbox_image_size=\"original\" col_spacing=\"small\" columns=\"2\" columns__sm=\"3\" columns__md=\"2\" image_height=\"100%\" image_size=\"original\" image_hover=\"zoom-long\" \/>                                                              <\/div>\n              <div class=\"box-text text-left\" >\n                 <p><\/p>\n              <\/div>\n            <\/div>\n            <\/a>          <\/div>\n         <\/div><div class=\"gallery-col col\" >\n          <div class=\"col-inner\">\n            <a class=\"\" href=\"https:\/\/airportkomoca.com\/wp-content\/uploads\/lk-hero-banner-6.jpg\" title=\"\">            <div class=\"box has-hover gallery-box box-none\">\n              <div class=\"box-image image-zoom-long image-cover\" style=\"padding-top:100%;\">\n                <img decoding=\"async\" width=\"1920\" height=\"1080\" src=\"https:\/\/airportkomoca.com\/wp-content\/uploads\/lk-hero-banner-6.jpg\" class=\"attachment-original size-original\" alt=\"\" ids=\"1069,1070,1068,1067,1066,1065\" style=\"none\" lightbox_image_size=\"original\" col_spacing=\"small\" columns=\"2\" columns__sm=\"3\" columns__md=\"2\" image_height=\"100%\" image_size=\"original\" image_hover=\"zoom-long\" \/>                                                              <\/div>\n              <div class=\"box-text text-left\" >\n                 <p><\/p>\n              <\/div>\n            <\/div>\n            <\/a>          <\/div>\n         <\/div><div class=\"gallery-col col\" >\n          <div class=\"col-inner\">\n            <a class=\"\" href=\"https:\/\/airportkomoca.com\/wp-content\/uploads\/lk-hero-banner-4.jpg\" title=\"\">            <div class=\"box has-hover gallery-box box-none\">\n              <div class=\"box-image image-zoom-long image-cover\" style=\"padding-top:100%;\">\n                <img decoding=\"async\" width=\"1920\" height=\"1080\" src=\"https:\/\/airportkomoca.com\/wp-content\/uploads\/lk-hero-banner-4.jpg\" class=\"attachment-original size-original\" alt=\"\" ids=\"1069,1070,1068,1067,1066,1065\" style=\"none\" lightbox_image_size=\"original\" col_spacing=\"small\" columns=\"2\" columns__sm=\"3\" columns__md=\"2\" image_height=\"100%\" image_size=\"original\" image_hover=\"zoom-long\" \/>                                                              <\/div>\n              <div class=\"box-text text-left\" >\n                 <p><\/p>\n              <\/div>\n            <\/div>\n            <\/a>          <\/div>\n         <\/div><div class=\"gallery-col col\" >\n          <div class=\"col-inner\">\n            <a class=\"\" href=\"https:\/\/airportkomoca.com\/wp-content\/uploads\/lk-hero-banner-3.jpg\" title=\"\">            <div class=\"box has-hover gallery-box box-none\">\n              <div class=\"box-image image-zoom-long image-cover\" style=\"padding-top:100%;\">\n                <img decoding=\"async\" width=\"1920\" height=\"1080\" src=\"https:\/\/airportkomoca.com\/wp-content\/uploads\/lk-hero-banner-3.jpg\" class=\"attachment-original size-original\" alt=\"\" ids=\"1069,1070,1068,1067,1066,1065\" style=\"none\" lightbox_image_size=\"original\" col_spacing=\"small\" columns=\"2\" columns__sm=\"3\" columns__md=\"2\" image_height=\"100%\" image_size=\"original\" image_hover=\"zoom-long\" \/>                                                              <\/div>\n              <div class=\"box-text text-left\" >\n                 <p><\/p>\n              <\/div>\n            <\/div>\n            <\/a>          <\/div>\n         <\/div><div class=\"gallery-col col\" >\n          <div class=\"col-inner\">\n            <a class=\"\" href=\"https:\/\/airportkomoca.com\/wp-content\/uploads\/lk-hero-banner-2.jpg\" title=\"\">            <div class=\"box has-hover gallery-box box-none\">\n              <div class=\"box-image image-zoom-long image-cover\" style=\"padding-top:100%;\">\n                <img decoding=\"async\" width=\"1920\" height=\"1080\" src=\"https:\/\/airportkomoca.com\/wp-content\/uploads\/lk-hero-banner-2.jpg\" class=\"attachment-original size-original\" alt=\"\" ids=\"1069,1070,1068,1067,1066,1065\" style=\"none\" lightbox_image_size=\"original\" col_spacing=\"small\" columns=\"2\" columns__sm=\"3\" columns__md=\"2\" image_height=\"100%\" image_size=\"original\" image_hover=\"zoom-long\" \/>                                                              <\/div>\n              <div class=\"box-text text-left\" >\n                 <p><\/p>\n              <\/div>\n            <\/div>\n            <\/a>          <\/div>\n         <\/div><div class=\"gallery-col col\" >\n          <div class=\"col-inner\">\n            <a class=\"\" href=\"https:\/\/airportkomoca.com\/wp-content\/uploads\/lk-hero-banner-1.jpg\" title=\"\">            <div class=\"box has-hover gallery-box box-none\">\n              <div class=\"box-image image-zoom-long image-cover\" style=\"padding-top:100%;\">\n                <img decoding=\"async\" width=\"1920\" height=\"1080\" src=\"https:\/\/airportkomoca.com\/wp-content\/uploads\/lk-hero-banner-1.jpg\" class=\"attachment-original size-original\" alt=\"\" ids=\"1069,1070,1068,1067,1066,1065\" style=\"none\" lightbox_image_size=\"original\" col_spacing=\"small\" columns=\"2\" columns__sm=\"3\" columns__md=\"2\" image_height=\"100%\" image_size=\"original\" image_hover=\"zoom-long\" \/>                                                              <\/div>\n              <div class=\"box-text text-left\" >\n                 <p><\/p>\n              <\/div>\n            <\/div>\n            <\/a>          <\/div>\n         <\/div><\/div>\n\n\n\t\t<\/div>\n\t\t\t\t\t<\/div>\n\n\t\n\n\t<div id=\"col-1630987424\" class=\"col medium-8 small-12 large-8 small-col-first\"  >\n\t\t\t\t<div class=\"col-inner\"  >\n\t\t\t\n\t\t\t\n\n<p>A kamocsai rep\u00fcl\u0151t\u00e9r \u00e9s modern t\u00f6rt\u00e9nete 2019-ben kezd\u0151d\u00f6tt. A pil\u00f3tak\u00e9pz\u00e9s \u00e9s a pil\u00f3taenged\u00e9ly megszerz\u00e9s\u00e9nek gondolata felkeltette a G\u00fata k\u00f6rny\u00e9ki \u00e9rdekl\u0151d\u0151k figyelm\u00e9t. A k\u00fcl\u00f6nb\u00f6z\u0151 lehet\u0151s\u00e9gek \u00e9s aj\u00e1nlatok megvitat\u00e1sa ut\u00e1n felmer\u00fclt a k\u00e9rd\u00e9s, hogy mihez kezdjenek a tanfolyam elv\u00e9gz\u00e9s\u00e9t k\u00f6vet\u0151en. Mik\u00f6zben m\u00e1s rep\u00fcl\u00e9si \u00e9s rep\u00fcl\u0151g\u00e9p-parkol\u00e1si lehet\u0151s\u00e9gek ut\u00e1n kutattunk, felmer\u00fclt a saj\u00e1t rep\u00fcl\u0151t\u00e9r \u00f6tlete, amennyiben saj\u00e1t rep\u00fcl\u0151g\u00e9pet v\u00e1s\u00e1rolunk. A szocialista korszakban \u00e9p\u00fclt pr\u00e1\u0161k\u00e1r-i rep\u00fcl\u0151t\u00e9r megl\u00e9te megfelel\u0151 lehet\u0151s\u00e9get ny\u00fajtott. A romos, kev\u00e9ss\u00e9 haszn\u00e1lt, k\u00fcl\u00f6nb\u00f6z\u0151 csoportok \u00e1ltal aut\u00f3k \u00e9s motorker\u00e9kp\u00e1rok driftel\u00e9s\u00e9re haszn\u00e1lt \u00e9p\u00fclet lehet\u0151s\u00e9get k\u00edn\u00e1lt arra, hogy a jelenlegi tulajdonosokkal folytatott t\u00e1rgyal\u00e1sok ut\u00e1n a ter\u00fcletet vissza\u00e1ll\u00edts\u00e1k eredeti rendeltet\u00e9s\u00e9nek megfelel\u0151en.     <\/p>\n<p>\u00c9s hirtelen egy nagyszer\u0171 lehet\u0151s\u00e9g ny\u00edlt meg. Ezzel egyidej\u0171leg l\u00e9trej\u00f6tt a \u201eFeh\u00e9r Sz\u00e1rnyak\u201d (\u201eWhite Wings\u201c) polg\u00e1ri t\u00e1rsul\u00e1s, amely az \u00fajonnan l\u00e9trehozott rep\u00fcl\u0151t\u00e9r \u00f6sszek\u00f6t\u0151 szervezetek\u00e9nt m\u0171k\u00f6d\u00f6tt. Szorosan egy\u00fcttm\u0171k\u00f6dik a KolArms-szal is, amely nagy seg\u00edts\u00e9get ny\u00fajtott az infrastrukt\u00fara kialak\u00edt\u00e1s\u00e1ban.  <\/p>\n<p>A rep\u00fcl\u0151t\u00e9r fokozatosan modern k\u00fcls\u0151t \u00f6lt, \u00e9s a j\u00f6v\u0151ben j\u00e1ratokat, parkol\u00e1st, szer\u00e9ny sz\u00e1ll\u00e1slehet\u0151s\u00e9get \u00e9s egy\u00e9b, a l\u00e9gi turizmusban haszn\u00e1lt szolg\u00e1ltat\u00e1sokat k\u00edn\u00e1l majd.<\/p>\n<p>Mindenkit sz\u00edvesen l\u00e1tunk itt, \u00e9s v\u00e1runk minden j\u00f6v\u0151beli \u00e9rdekl\u0151d\u0151t.<\/p>\n<p>A kamocsai rep\u00fcl\u0151t\u00e9r csapata<\/p>\n\n\t\t<\/div>\n\t\t\t\t\t<\/div>\n\n\t\n\n\t<div id=\"col-1158144671\" class=\"col small-12 large-12\"  >\n\t\t\t\t<div class=\"col-inner text-center\"  >\n\t\t\t\n\t\t\t\n\n\n\n<iframe width=\"560\" height=\"315\" src=\"https:\/\/www.youtube.com\/embed\/7POelBBYUf4?si=FFape89rDPN4yYsC\" title=\"YouTube video player\" frameborder=\"0\" allow=\"accelerometer; autoplay; clipboard-write; encrypted-media; gyroscope; picture-in-picture; web-share\" referrerpolicy=\"strict-origin-when-cross-origin\" allowfullscreen=\"\"><\/iframe>\n\n\n\t\t<\/div>\n\t\t\t\t\t<\/div>\n\n\t\n\n<\/div>\n\n\t\t<\/div>\n\n\t\t\n<style>\n#section_88030990 {\n  padding-top: 30px;\n  padding-bottom: 30px;\n}\n<\/style>\n\t<\/section>\n\t\n\n","protected":false},"excerpt":{"rendered":"","protected":false},"author":1,"featured_media":0,"parent":0,"menu_order":0,"comment_status":"closed","ping_status":"closed","template":"","meta":{"footnotes":""},"class_list":["post-1177","page","type-page","status-publish","hentry"],"yoast_head":"<!-- This site is optimized with the Yoast SEO plugin v24.9 - https:\/\/yoast.com\/wordpress\/plugins\/seo\/ -->\n<title>R\u00f3lunk | Letisko Komo\u010da | Airport Komo\u010da<\/title>\n<meta name=\"robots\" content=\"index, follow, max-snippet:-1, max-image-preview:large, max-video-preview:-1\" \/>\n<link rel=\"canonical\" href=\"https:\/\/airportkomoca.com\/hu\/rolunk\/\" \/>\n<meta property=\"og:locale\" content=\"hu_HU\" \/>\n<meta property=\"og:type\" content=\"article\" \/>\n<meta property=\"og:title\" content=\"R\u00f3lunk | Letisko Komo\u010da | Airport Komo\u010da\" \/>\n<meta property=\"og:url\" content=\"https:\/\/airportkomoca.com\/hu\/rolunk\/\" \/>\n<meta property=\"og:site_name\" content=\"Letisko Komo\u010da | Airport Komo\u010da\" \/>\n<meta property=\"article:publisher\" content=\"https:\/\/www.facebook.com\/profile.php?id=100064129061738\" \/>\n<meta property=\"article:modified_time\" content=\"2025-04-17T07:27:59+00:00\" \/>\n<meta property=\"og:image\" content=\"https:\/\/airportkomoca.com\/wp-content\/uploads\/wwa-logo.png\" \/>\n\t<meta property=\"og:image:width\" content=\"476\" \/>\n\t<meta property=\"og:image:height\" content=\"328\" \/>\n\t<meta property=\"og:image:type\" content=\"image\/png\" \/>\n<meta name=\"twitter:card\" content=\"summary_large_image\" \/>\n<meta name=\"twitter:label1\" content=\"Becs\u00fclt olvas\u00e1si id\u0151\" \/>\n\t<meta name=\"twitter:data1\" content=\"2 perc\" \/>\n<script type=\"application\/ld+json\" class=\"yoast-schema-graph\">{\"@context\":\"https:\/\/schema.org\",\"@graph\":[{\"@type\":\"WebPage\",\"@id\":\"https:\/\/airportkomoca.com\/hu\/rolunk\/\",\"url\":\"https:\/\/airportkomoca.com\/hu\/rolunk\/\",\"name\":\"R\u00f3lunk | Letisko Komo\u010da | Airport Komo\u010da\",\"isPartOf\":{\"@id\":\"https:\/\/airportkomoca.com\/hu\/#website\"},\"datePublished\":\"2025-02-21T08:41:50+00:00\",\"dateModified\":\"2025-04-17T07:27:59+00:00\",\"breadcrumb\":{\"@id\":\"https:\/\/airportkomoca.com\/hu\/rolunk\/#breadcrumb\"},\"inLanguage\":\"hu\",\"potentialAction\":[{\"@type\":\"ReadAction\",\"target\":[\"https:\/\/airportkomoca.com\/hu\/rolunk\/\"]}]},{\"@type\":\"BreadcrumbList\",\"@id\":\"https:\/\/airportkomoca.com\/hu\/rolunk\/#breadcrumb\",\"itemListElement\":[{\"@type\":\"ListItem\",\"position\":1,\"name\":\"Home\",\"item\":\"https:\/\/airportkomoca.com\/hu\/fooldal\/\"},{\"@type\":\"ListItem\",\"position\":2,\"name\":\"R\u00f3lunk\"}]},{\"@type\":\"WebSite\",\"@id\":\"https:\/\/airportkomoca.com\/hu\/#website\",\"url\":\"https:\/\/airportkomoca.com\/hu\/\",\"name\":\"Letisko Komo\u010da | Airport Komo\u010da\",\"description\":\"Aeroklub White Wings\",\"publisher\":{\"@id\":\"https:\/\/airportkomoca.com\/hu\/#organization\"},\"alternateName\":\"Aeroklub White Wings\",\"potentialAction\":[{\"@type\":\"SearchAction\",\"target\":{\"@type\":\"EntryPoint\",\"urlTemplate\":\"https:\/\/airportkomoca.com\/hu\/?s={search_term_string}\"},\"query-input\":{\"@type\":\"PropertyValueSpecification\",\"valueRequired\":true,\"valueName\":\"search_term_string\"}}],\"inLanguage\":\"hu\"},{\"@type\":\"Organization\",\"@id\":\"https:\/\/airportkomoca.com\/hu\/#organization\",\"name\":\"White Wings Aeroklub\",\"alternateName\":\"Letisko Komo\u010da | Airport Komo\u010da\",\"url\":\"https:\/\/airportkomoca.com\/hu\/\",\"logo\":{\"@type\":\"ImageObject\",\"inLanguage\":\"hu\",\"@id\":\"https:\/\/airportkomoca.com\/hu\/#\/schema\/logo\/image\/\",\"url\":\"https:\/\/airportkomoca.com\/wp-content\/uploads\/wwa-logo.png\",\"contentUrl\":\"https:\/\/airportkomoca.com\/wp-content\/uploads\/wwa-logo.png\",\"width\":476,\"height\":328,\"caption\":\"White Wings Aeroklub\"},\"image\":{\"@id\":\"https:\/\/airportkomoca.com\/hu\/#\/schema\/logo\/image\/\"},\"sameAs\":[\"https:\/\/www.facebook.com\/profile.php?id=100064129061738\"]}]}<\/script>\n<!-- \/ Yoast SEO plugin. -->","yoast_head_json":{"title":"R\u00f3lunk | Letisko Komo\u010da | Airport Komo\u010da","robots":{"index":"index","follow":"follow","max-snippet":"max-snippet:-1","max-image-preview":"max-image-preview:large","max-video-preview":"max-video-preview:-1"},"canonical":"https:\/\/airportkomoca.com\/hu\/rolunk\/","og_locale":"hu_HU","og_type":"article","og_title":"R\u00f3lunk | Letisko Komo\u010da | Airport Komo\u010da","og_url":"https:\/\/airportkomoca.com\/hu\/rolunk\/","og_site_name":"Letisko Komo\u010da | Airport Komo\u010da","article_publisher":"https:\/\/www.facebook.com\/profile.php?id=100064129061738","article_modified_time":"2025-04-17T07:27:59+00:00","og_image":[{"width":476,"height":328,"url":"https:\/\/airportkomoca.com\/wp-content\/uploads\/wwa-logo.png","type":"image\/png"}],"twitter_card":"summary_large_image","twitter_misc":{"Becs\u00fclt olvas\u00e1si id\u0151":"2 perc"},"schema":{"@context":"https:\/\/schema.org","@graph":[{"@type":"WebPage","@id":"https:\/\/airportkomoca.com\/hu\/rolunk\/","url":"https:\/\/airportkomoca.com\/hu\/rolunk\/","name":"R\u00f3lunk | Letisko Komo\u010da | Airport Komo\u010da","isPartOf":{"@id":"https:\/\/airportkomoca.com\/hu\/#website"},"datePublished":"2025-02-21T08:41:50+00:00","dateModified":"2025-04-17T07:27:59+00:00","breadcrumb":{"@id":"https:\/\/airportkomoca.com\/hu\/rolunk\/#breadcrumb"},"inLanguage":"hu","potentialAction":[{"@type":"ReadAction","target":["https:\/\/airportkomoca.com\/hu\/rolunk\/"]}]},{"@type":"BreadcrumbList","@id":"https:\/\/airportkomoca.com\/hu\/rolunk\/#breadcrumb","itemListElement":[{"@type":"ListItem","position":1,"name":"Home","item":"https:\/\/airportkomoca.com\/hu\/fooldal\/"},{"@type":"ListItem","position":2,"name":"R\u00f3lunk"}]},{"@type":"WebSite","@id":"https:\/\/airportkomoca.com\/hu\/#website","url":"https:\/\/airportkomoca.com\/hu\/","name":"Letisko Komo\u010da | Airport Komo\u010da","description":"Aeroklub White Wings","publisher":{"@id":"https:\/\/airportkomoca.com\/hu\/#organization"},"alternateName":"Aeroklub White Wings","potentialAction":[{"@type":"SearchAction","target":{"@type":"EntryPoint","urlTemplate":"https:\/\/airportkomoca.com\/hu\/?s={search_term_string}"},"query-input":{"@type":"PropertyValueSpecification","valueRequired":true,"valueName":"search_term_string"}}],"inLanguage":"hu"},{"@type":"Organization","@id":"https:\/\/airportkomoca.com\/hu\/#organization","name":"White Wings Aeroklub","alternateName":"Letisko Komo\u010da | Airport Komo\u010da","url":"https:\/\/airportkomoca.com\/hu\/","logo":{"@type":"ImageObject","inLanguage":"hu","@id":"https:\/\/airportkomoca.com\/hu\/#\/schema\/logo\/image\/","url":"https:\/\/airportkomoca.com\/wp-content\/uploads\/wwa-logo.png","contentUrl":"https:\/\/airportkomoca.com\/wp-content\/uploads\/wwa-logo.png","width":476,"height":328,"caption":"White Wings Aeroklub"},"image":{"@id":"https:\/\/airportkomoca.com\/hu\/#\/schema\/logo\/image\/"},"sameAs":["https:\/\/www.facebook.com\/profile.php?id=100064129061738"]}]}},"_links":{"self":[{"href":"https:\/\/airportkomoca.com\/hu\/wp-json\/wp\/v2\/pages\/1177","targetHints":{"allow":["GET"]}}],"collection":[{"href":"https:\/\/airportkomoca.com\/hu\/wp-json\/wp\/v2\/pages"}],"about":[{"href":"https:\/\/airportkomoca.com\/hu\/wp-json\/wp\/v2\/types\/page"}],"author":[{"embeddable":true,"href":"https:\/\/airportkomoca.com\/hu\/wp-json\/wp\/v2\/users\/1"}],"replies":[{"embeddable":true,"href":"https:\/\/airportkomoca.com\/hu\/wp-json\/wp\/v2\/comments?post=1177"}],"version-history":[{"count":0,"href":"https:\/\/airportkomoca.com\/hu\/wp-json\/wp\/v2\/pages\/1177\/revisions"}],"wp:attachment":[{"href":"https:\/\/airportkomoca.com\/hu\/wp-json\/wp\/v2\/media?parent=1177"}],"curies":[{"name":"wp","href":"https:\/\/api.w.org\/{rel}","templated":true}]}}