{"id":1046,"date":"2025-02-21T09:47:18","date_gmt":"2025-02-21T08:47:18","guid":{"rendered":"https:\/\/airportkomoca.com\/pilotakepzo-iskola\/"},"modified":"2025-04-17T09:24:24","modified_gmt":"2025-04-17T07:24:24","slug":"pilotakepzo-iskola","status":"publish","type":"page","link":"https:\/\/airportkomoca.com\/hu\/pilotakepzo-iskola\/","title":{"rendered":"Pil\u00f3tak\u00e9pz\u0151 iskola"},"content":{"rendered":"\n  <div id=\"page-header-57849443\" class=\"page-header-wrapper\">\n  <div class=\"page-title dark featured-title\">\n\n        <div class=\"page-title-bg\">\n      <div class=\"title-bg fill bg-fill\"\n        data-parallax-container=\".page-title\"\n        data-parallax-background\n        data-parallax=\"-\">\n      <\/div>\n      <div class=\"title-overlay fill\"><\/div>\n    <\/div>\n    \n    <div class=\"page-title-inner container align-center text-center flex-row-col medium-flex-wrap\" >\n              <div class=\"title-wrapper uppercase flex-col\">\n          <h1 class=\"entry-title mb-0\">\n            Pil\u00f3tak\u00e9pz\u0151 iskola          <\/h1>\n        <\/div>\n                    <div class=\"title-content flex-col\">\n              <\/div>\n    <\/div>\n\n     \n<style>\n#page-header-57849443 .page-title-inner {\n  min-height: 200px;\n}\n#page-header-57849443 .title-bg {\n  background-image: url(https:\/\/airportkomoca.com\/wp-content\/uploads\/lk-hero-banner-2.jpg);\n  background-position: 50% 50%;\n}\n#page-header-57849443 .title-overlay {\n  background-color: rgba(0,0,0,.5);\n}\n<\/style>\n  <\/div>\n    <\/div>\n  \n\n\n\t<section class=\"section\" id=\"section_1367530237\">\n\t\t<div class=\"section-bg fill\" >\n\t\t\t\t\t\t\t\t\t\n\t\t\t\n\n\t\t<\/div>\n\n\t\t\n\n\t\t<div class=\"section-content relative\">\n\t\t\t\n\n<div class=\"row\"  id=\"row-224098686\">\n\n\n\t<div id=\"col-1039212345\" class=\"col medium-4 small-12 large-4\"  >\n\t\t\t\t<div class=\"col-inner\"  >\n\t\t\t\n\t\t\t\n\n\t<div class=\"img has-hover x md-x lg-x y md-y lg-y\" id=\"image_2119723717\">\n\t\t\t\t\t\t\t\t<div class=\"img-inner dark\" >\n\t\t\t<img decoding=\"async\" width=\"768\" height=\"1024\" src=\"https:\/\/airportkomoca.com\/wp-content\/uploads\/letecka-skola.jpeg\" class=\"attachment-original size-original\" alt=\"\" \/>\t\t\t\t\t\t\n\t\t\t\t\t<\/div>\n\t\t\t\t\t\t\t\t\n<style>\n#image_2119723717 {\n  width: 100%;\n}\n<\/style>\n\t<\/div>\n\t\n\n\n\t\t<\/div>\n\t\t\t\t\t<\/div>\n\n\t\n\n\t<div id=\"col-342075574\" class=\"col medium-8 small-12 large-8 small-col-first\"  >\n\t\t\t\t<div class=\"col-inner\"  >\n\t\t\t\n\t\t\t\n\n<p>A kamocsai rep\u00fcl\u0151t\u00e9r egy\u00fcttm\u0171k\u00f6dik az ultrak\u00f6nny\u0171 rep\u00fcl\u0151g\u00e9pek pil\u00f3tak\u00e9pz\u0151 k\u00f6zpontjaival Sur\u00e1nyban \u00e9s \u00c9rsek\u00fajv\u00e1rban. Szervezet\u00fcnk a Szlov\u00e1k Rep\u00fcl\u0151 Sz\u00f6vets\u00e9g tagja, amely a rekre\u00e1ci\u00f3s \u00e9s sportrep\u00fcl\u00e9s ir\u00e1nt \u00e9rdekl\u0151d\u0151ket fogja \u00f6ssze. K\u00f6zpontunk f\u0151 programja a leend\u0151 pil\u00f3t\u00e1k elm\u00e9leti \u00e9s gyakorlati k\u00e9pz\u00e9se motoros rep\u00fcl\u0151g\u00e9pekre &#8211; rep\u00fcl\u0151 sportg\u00e9pekre.  <\/p>\n<p><strong>Pil\u00f3t\u00e1v\u00e1 v\u00e1lhat minden eg\u00e9szs\u00e9g\u00fcgyi szempontb\u00f3l alkalmas jelentkez\u0151, aki bet\u00f6lt\u00f6tte a 16. \u00e9let\u00e9v\u00e9t, elv\u00e9gezte az elm\u00e9leti \u00e9s gyakorlati k\u00e9pz\u00e9st valamely oktat\u00e1si int\u00e9zm\u00e9nyben, \u00e9s sikeresen letette az elm\u00e9leti \u00e9s gyakorlati vizsg\u00e1t egy felhatalmazott jogi int\u00e9zm\u00e9nyn\u00e9l. Gyakorlati k\u00e9pz\u00e9st csak erre a c\u00e9lra j\u00f3v\u00e1hagyott \u00e9s a k\u00e9pz\u00e9st biztos\u00edt\u00f3 oktat\u00e1si int\u00e9zm\u00e9nyhez tartoz\u00f3 rep\u00fcl\u00e9si sporteszk\u00f6z\u00f6k\u00f6n lehet v\u00e9gezni. Azoknak, akik a Szlov\u00e1k Rep\u00fcl\u0151 Sz\u00f6vets\u00e9g k\u00e9pz\u00e9s\u00e9ben \u00e9rdekeltek, a <a href=\"https:\/\/slf.sk\/\" target=\"_blank\" rel=\"noopener\">Szlov\u00e1k Rep\u00fcl\u0151 Sz\u00f6vets\u00e9g<\/a> tagj\u00e1nak kell lenni\u00fck.  <\/strong><\/p>\n<p>Ha k\u00e9ts\u00e9gei vannak, nem tudja, hogy tetszeni fog-e, vagy csak szeretn\u00e9 kipr\u00f3b\u00e1lni, milyen \u00e9rz\u00e9s rep\u00fclni, jelentkezzen be egy \u201e <a href=\"https:\/\/airportkomoca.com\/hu\/nepszerusito-korrepules\/\">Prom\u00f3ci\u00f3s s\u00e9tarep\u00fcl\u00e9sre<\/a>\u201d vagy a \u201e <a href=\"https:\/\/airportkomoca.com\/pilotom-na-skusku\/\">Pr\u00f3barep\u00fcl\u00e9s pil\u00f3t\u00e1val<\/a>\u201d esem\u00e9nyre.<\/p>\n<p>A k\u00e9pz\u00e9sen bel\u00fcl az iskola az <strong>aerodinamikai vez\u00e9rl\u00e9s\u0171 egymotoros merevsz\u00e1rny\u00fa rep\u00fcl\u0151g\u00e9pek<\/strong>, azaz a klasszikus rep\u00fcl\u0151g\u00e9pek, valamint a forg\u00f3fel\u00fcletes, azaz forg\u00f3sz\u00e1rnyas (girocopter, autogyro) <strong>rep\u00fcl\u0151g\u00e9pek kateg\u00f3ri\u00e1j\u00e1ban ny\u00fajt k\u00e9pz\u00e9st<\/strong>.  <\/p>\n\n\t\t<\/div>\n\t\t\t\t\t<\/div>\n\n\t\n\n\t<div id=\"col-1457414382\" class=\"col small-12 large-12\"  >\n\t\t\t\t<div class=\"col-inner\"  >\n\t\t\t\n\t\t\t\n\n\t<div id=\"text-165839569\" class=\"text strong\">\n\t\t\n\n<p>IRATKOZZON BE PIL\u00d3TAK\u00c9PZ\u0150 ISKOL\u00c1NKBA, SZEREZZEN PIL\u00d3TAENGED\u00c9LYT, \u00c9S LEGYEN REP\u00dcL\u0150G\u00c9P- VAGY FORG\u00d3SZ\u00c1RNYAS REP\u00dcL\u0150G\u00c9P-PIL\u00d3TA.<\/p>\n\t\t\n<style>\n#text-165839569 {\n  font-size: 1.75rem;\n  text-align: center;\n  color: #d26e4b;\n}\n#text-165839569 > * {\n  color: #d26e4b;\n}\n<\/style>\n\t<\/div>\n\t\n\n\t\t<\/div>\n\t\t\t\t\t<\/div>\n\n\t\n\n<\/div>\n\n\t\t<\/div>\n\n\t\t\n<style>\n#section_1367530237 {\n  padding-top: 30px;\n  padding-bottom: 30px;\n}\n<\/style>\n\t<\/section>\n\t\n\n","protected":false},"excerpt":{"rendered":"","protected":false},"author":1,"featured_media":0,"parent":0,"menu_order":0,"comment_status":"closed","ping_status":"closed","template":"","meta":{"footnotes":""},"class_list":["post-1046","page","type-page","status-publish","hentry"],"yoast_head":"<!-- This site is optimized with the Yoast SEO plugin v24.9 - https:\/\/yoast.com\/wordpress\/plugins\/seo\/ -->\n<title>Pil\u00f3tak\u00e9pz\u0151 iskola | Letisko Komo\u010da | Airport Komo\u010da<\/title>\n<meta name=\"robots\" content=\"index, follow, max-snippet:-1, max-image-preview:large, max-video-preview:-1\" \/>\n<link rel=\"canonical\" href=\"https:\/\/airportkomoca.com\/hu\/pilotakepzo-iskola\/\" \/>\n<meta property=\"og:locale\" content=\"hu_HU\" \/>\n<meta property=\"og:type\" content=\"article\" \/>\n<meta property=\"og:title\" content=\"Pil\u00f3tak\u00e9pz\u0151 iskola | Letisko Komo\u010da | Airport Komo\u010da\" \/>\n<meta property=\"og:url\" content=\"https:\/\/airportkomoca.com\/hu\/pilotakepzo-iskola\/\" \/>\n<meta property=\"og:site_name\" content=\"Letisko Komo\u010da | Airport Komo\u010da\" \/>\n<meta property=\"article:publisher\" content=\"https:\/\/www.facebook.com\/profile.php?id=100064129061738\" \/>\n<meta property=\"article:modified_time\" content=\"2025-04-17T07:24:24+00:00\" \/>\n<meta property=\"og:image\" content=\"https:\/\/airportkomoca.com\/wp-content\/uploads\/wwa-logo.png\" \/>\n\t<meta property=\"og:image:width\" content=\"476\" \/>\n\t<meta property=\"og:image:height\" content=\"328\" \/>\n\t<meta property=\"og:image:type\" content=\"image\/png\" \/>\n<meta name=\"twitter:card\" content=\"summary_large_image\" \/>\n<meta name=\"twitter:label1\" content=\"Becs\u00fclt olvas\u00e1si id\u0151\" \/>\n\t<meta name=\"twitter:data1\" content=\"2 perc\" \/>\n<script type=\"application\/ld+json\" class=\"yoast-schema-graph\">{\"@context\":\"https:\/\/schema.org\",\"@graph\":[{\"@type\":\"WebPage\",\"@id\":\"https:\/\/airportkomoca.com\/hu\/pilotakepzo-iskola\/\",\"url\":\"https:\/\/airportkomoca.com\/hu\/pilotakepzo-iskola\/\",\"name\":\"Pil\u00f3tak\u00e9pz\u0151 iskola | Letisko Komo\u010da | Airport Komo\u010da\",\"isPartOf\":{\"@id\":\"https:\/\/airportkomoca.com\/hu\/#website\"},\"datePublished\":\"2025-02-21T08:47:18+00:00\",\"dateModified\":\"2025-04-17T07:24:24+00:00\",\"breadcrumb\":{\"@id\":\"https:\/\/airportkomoca.com\/hu\/pilotakepzo-iskola\/#breadcrumb\"},\"inLanguage\":\"hu\",\"potentialAction\":[{\"@type\":\"ReadAction\",\"target\":[\"https:\/\/airportkomoca.com\/hu\/pilotakepzo-iskola\/\"]}]},{\"@type\":\"BreadcrumbList\",\"@id\":\"https:\/\/airportkomoca.com\/hu\/pilotakepzo-iskola\/#breadcrumb\",\"itemListElement\":[{\"@type\":\"ListItem\",\"position\":1,\"name\":\"Home\",\"item\":\"https:\/\/airportkomoca.com\/hu\/fooldal\/\"},{\"@type\":\"ListItem\",\"position\":2,\"name\":\"Pil\u00f3tak\u00e9pz\u0151 iskola\"}]},{\"@type\":\"WebSite\",\"@id\":\"https:\/\/airportkomoca.com\/hu\/#website\",\"url\":\"https:\/\/airportkomoca.com\/hu\/\",\"name\":\"Letisko Komo\u010da | Airport Komo\u010da\",\"description\":\"Aeroklub White Wings\",\"publisher\":{\"@id\":\"https:\/\/airportkomoca.com\/hu\/#organization\"},\"alternateName\":\"Aeroklub White Wings\",\"potentialAction\":[{\"@type\":\"SearchAction\",\"target\":{\"@type\":\"EntryPoint\",\"urlTemplate\":\"https:\/\/airportkomoca.com\/hu\/?s={search_term_string}\"},\"query-input\":{\"@type\":\"PropertyValueSpecification\",\"valueRequired\":true,\"valueName\":\"search_term_string\"}}],\"inLanguage\":\"hu\"},{\"@type\":\"Organization\",\"@id\":\"https:\/\/airportkomoca.com\/hu\/#organization\",\"name\":\"White Wings Aeroklub\",\"alternateName\":\"Letisko Komo\u010da | Airport Komo\u010da\",\"url\":\"https:\/\/airportkomoca.com\/hu\/\",\"logo\":{\"@type\":\"ImageObject\",\"inLanguage\":\"hu\",\"@id\":\"https:\/\/airportkomoca.com\/hu\/#\/schema\/logo\/image\/\",\"url\":\"https:\/\/airportkomoca.com\/wp-content\/uploads\/wwa-logo.png\",\"contentUrl\":\"https:\/\/airportkomoca.com\/wp-content\/uploads\/wwa-logo.png\",\"width\":476,\"height\":328,\"caption\":\"White Wings Aeroklub\"},\"image\":{\"@id\":\"https:\/\/airportkomoca.com\/hu\/#\/schema\/logo\/image\/\"},\"sameAs\":[\"https:\/\/www.facebook.com\/profile.php?id=100064129061738\"]}]}<\/script>\n<!-- \/ Yoast SEO plugin. -->","yoast_head_json":{"title":"Pil\u00f3tak\u00e9pz\u0151 iskola | Letisko Komo\u010da | Airport Komo\u010da","robots":{"index":"index","follow":"follow","max-snippet":"max-snippet:-1","max-image-preview":"max-image-preview:large","max-video-preview":"max-video-preview:-1"},"canonical":"https:\/\/airportkomoca.com\/hu\/pilotakepzo-iskola\/","og_locale":"hu_HU","og_type":"article","og_title":"Pil\u00f3tak\u00e9pz\u0151 iskola | Letisko Komo\u010da | Airport Komo\u010da","og_url":"https:\/\/airportkomoca.com\/hu\/pilotakepzo-iskola\/","og_site_name":"Letisko Komo\u010da | Airport Komo\u010da","article_publisher":"https:\/\/www.facebook.com\/profile.php?id=100064129061738","article_modified_time":"2025-04-17T07:24:24+00:00","og_image":[{"width":476,"height":328,"url":"https:\/\/airportkomoca.com\/wp-content\/uploads\/wwa-logo.png","type":"image\/png"}],"twitter_card":"summary_large_image","twitter_misc":{"Becs\u00fclt olvas\u00e1si id\u0151":"2 perc"},"schema":{"@context":"https:\/\/schema.org","@graph":[{"@type":"WebPage","@id":"https:\/\/airportkomoca.com\/hu\/pilotakepzo-iskola\/","url":"https:\/\/airportkomoca.com\/hu\/pilotakepzo-iskola\/","name":"Pil\u00f3tak\u00e9pz\u0151 iskola | Letisko Komo\u010da | Airport Komo\u010da","isPartOf":{"@id":"https:\/\/airportkomoca.com\/hu\/#website"},"datePublished":"2025-02-21T08:47:18+00:00","dateModified":"2025-04-17T07:24:24+00:00","breadcrumb":{"@id":"https:\/\/airportkomoca.com\/hu\/pilotakepzo-iskola\/#breadcrumb"},"inLanguage":"hu","potentialAction":[{"@type":"ReadAction","target":["https:\/\/airportkomoca.com\/hu\/pilotakepzo-iskola\/"]}]},{"@type":"BreadcrumbList","@id":"https:\/\/airportkomoca.com\/hu\/pilotakepzo-iskola\/#breadcrumb","itemListElement":[{"@type":"ListItem","position":1,"name":"Home","item":"https:\/\/airportkomoca.com\/hu\/fooldal\/"},{"@type":"ListItem","position":2,"name":"Pil\u00f3tak\u00e9pz\u0151 iskola"}]},{"@type":"WebSite","@id":"https:\/\/airportkomoca.com\/hu\/#website","url":"https:\/\/airportkomoca.com\/hu\/","name":"Letisko Komo\u010da | Airport Komo\u010da","description":"Aeroklub White Wings","publisher":{"@id":"https:\/\/airportkomoca.com\/hu\/#organization"},"alternateName":"Aeroklub White Wings","potentialAction":[{"@type":"SearchAction","target":{"@type":"EntryPoint","urlTemplate":"https:\/\/airportkomoca.com\/hu\/?s={search_term_string}"},"query-input":{"@type":"PropertyValueSpecification","valueRequired":true,"valueName":"search_term_string"}}],"inLanguage":"hu"},{"@type":"Organization","@id":"https:\/\/airportkomoca.com\/hu\/#organization","name":"White Wings Aeroklub","alternateName":"Letisko Komo\u010da | Airport Komo\u010da","url":"https:\/\/airportkomoca.com\/hu\/","logo":{"@type":"ImageObject","inLanguage":"hu","@id":"https:\/\/airportkomoca.com\/hu\/#\/schema\/logo\/image\/","url":"https:\/\/airportkomoca.com\/wp-content\/uploads\/wwa-logo.png","contentUrl":"https:\/\/airportkomoca.com\/wp-content\/uploads\/wwa-logo.png","width":476,"height":328,"caption":"White Wings Aeroklub"},"image":{"@id":"https:\/\/airportkomoca.com\/hu\/#\/schema\/logo\/image\/"},"sameAs":["https:\/\/www.facebook.com\/profile.php?id=100064129061738"]}]}},"_links":{"self":[{"href":"https:\/\/airportkomoca.com\/hu\/wp-json\/wp\/v2\/pages\/1046","targetHints":{"allow":["GET"]}}],"collection":[{"href":"https:\/\/airportkomoca.com\/hu\/wp-json\/wp\/v2\/pages"}],"about":[{"href":"https:\/\/airportkomoca.com\/hu\/wp-json\/wp\/v2\/types\/page"}],"author":[{"embeddable":true,"href":"https:\/\/airportkomoca.com\/hu\/wp-json\/wp\/v2\/users\/1"}],"replies":[{"embeddable":true,"href":"https:\/\/airportkomoca.com\/hu\/wp-json\/wp\/v2\/comments?post=1046"}],"version-history":[{"count":0,"href":"https:\/\/airportkomoca.com\/hu\/wp-json\/wp\/v2\/pages\/1046\/revisions"}],"wp:attachment":[{"href":"https:\/\/airportkomoca.com\/hu\/wp-json\/wp\/v2\/media?parent=1046"}],"curies":[{"name":"wp","href":"https:\/\/api.w.org\/{rel}","templated":true}]}}