{"id":1034,"date":"2025-02-21T09:45:34","date_gmt":"2025-02-21T08:45:34","guid":{"rendered":"https:\/\/airportkomoca.com\/egyeb-szolgaltatasok\/"},"modified":"2025-04-08T08:41:22","modified_gmt":"2025-04-08T06:41:22","slug":"egyeb-szolgaltatasok","status":"publish","type":"page","link":"https:\/\/airportkomoca.com\/hu\/egyeb-szolgaltatasok\/","title":{"rendered":"Egy\u00e9b szolg\u00e1ltat\u00e1sok"},"content":{"rendered":"\n  <div id=\"page-header-214946780\" class=\"page-header-wrapper\">\n  <div class=\"page-title dark featured-title\">\n\n        <div class=\"page-title-bg\">\n      <div class=\"title-bg fill bg-fill\"\n        data-parallax-container=\".page-title\"\n        data-parallax-background\n        data-parallax=\"-\">\n      <\/div>\n      <div class=\"title-overlay fill\"><\/div>\n    <\/div>\n    \n    <div class=\"page-title-inner container align-center text-center flex-row-col medium-flex-wrap\" >\n              <div class=\"title-wrapper uppercase flex-col\">\n          <h1 class=\"entry-title mb-0\">\n            Egy\u00e9b szolg\u00e1ltat\u00e1sok          <\/h1>\n        <\/div>\n                    <div class=\"title-content flex-col\">\n              <\/div>\n    <\/div>\n\n     \n<style>\n#page-header-214946780 .page-title-inner {\n  min-height: 200px;\n}\n#page-header-214946780 .title-bg {\n  background-image: url(https:\/\/airportkomoca.com\/wp-content\/uploads\/lk-hero-banner-2.jpg);\n  background-position: 50% 50%;\n}\n#page-header-214946780 .title-overlay {\n  background-color: rgba(0,0,0,.5);\n}\n<\/style>\n  <\/div>\n    <\/div>\n  \n\n\n\t<section class=\"section\" id=\"section_288862901\">\n\t\t<div class=\"section-bg fill\" >\n\t\t\t\t\t\t\t\t\t\n\t\t\t\n\n\t\t<\/div>\n\n\t\t\n\n\t\t<div class=\"section-content relative\">\n\t\t\t\n\n<div class=\"row row-collapse align-equal\"  id=\"row-1529018829\">\n\n\n\t<div id=\"col-1428082753\" class=\"col medium-6 small-12 large-6\"  >\n\t\t\t\t<div class=\"col-inner\"  >\n\t\t\t\n\t\t\t\n\n<h2>Aut\u00f3- \u00e9s ker\u00e9kp\u00e1rb\u00e9rl\u00e9s<\/h2>\n<p>Ha szeretn\u00e9 felfedezni a k\u00f6rny\u00e9ket \u00e9s a vid\u00e9ket, ker\u00e9kp\u00e1rok is b\u00e9relhet\u0151k, amelyek a sportol\u00e1s mellett gyorsabb k\u00f6zleked\u00e9st tesznek lehet\u0151v\u00e9 egyik helyr\u0151l a m\u00e1sikra. A k\u00f6zeli v\u00e1rosokba, mint Kol\u00e1rovo (G\u00fata), Nov\u00e9 Z\u00e1mky (\u00c9rsek\u00fajv\u00e1r) vagy Kom\u00e1rno (Kom\u00e1rom), de a t\u00e1volabbi \u00e9s k\u00e9nyelmesebb utaz\u00e1shoz is b\u00e9relhet\u0151k aut\u00f3k, amelyek t\u00f6bb szem\u00e9ly sz\u00e1ll\u00edt\u00e1s\u00e1ra, valamint a k\u00f6zeli vagy t\u00e1volabbi k\u00f6rny\u00e9k felfedez\u00e9s\u00e9re is alkalmasak. A k\u00f6rny\u00e9ken k\u00fcl\u00f6nb\u00f6z\u0151 felfedez\u00e9sre v\u00e1r\u00f3 helyek, j\u00f3 \u00e9ttermek vagy egy\u00e9b l\u00e1tnival\u00f3k is tal\u00e1lhat\u00f3k.  <\/p>\n\n\t\t<\/div>\n\t\t\t\t\t<\/div>\n\n\t\n\n\t<div id=\"col-2018897493\" class=\"col medium-6 small-12 large-6\"  >\n\t\t\t\t<div class=\"col-inner\"  >\n\t\t\t\n\t\t\t\n\n\n  \n    <div class=\"row  lightbox-multi-gallery large-columns-2 medium-columns- small-columns- row-small\" >\n  <div class=\"gallery-col col\" >\n          <div class=\"col-inner\">\n            <a class=\"\" href=\"https:\/\/airportkomoca.com\/wp-content\/uploads\/pozicovna-auta-bicykla-1.jpg\" title=\"\">            <div class=\"box has-hover gallery-box box-none\">\n              <div class=\"box-image\" >\n                <img decoding=\"async\" width=\"300\" height=\"225\" src=\"https:\/\/airportkomoca.com\/wp-content\/uploads\/pozicovna-auta-bicykla-1.jpg\" class=\"attachment-medium size-medium\" alt=\"\" ids=\"1039,1040\" style=\"none\" lightbox_image_size=\"original\" col_spacing=\"small\" columns=\"2\" \/>                                                              <\/div>\n              <div class=\"box-text text-left\" >\n                 <p><\/p>\n              <\/div>\n            <\/div>\n            <\/a>          <\/div>\n         <\/div><div class=\"gallery-col col\" >\n          <div class=\"col-inner\">\n            <a class=\"\" href=\"https:\/\/airportkomoca.com\/wp-content\/uploads\/pozicovna-auta-bicykla-2.jpg\" title=\"\">            <div class=\"box has-hover gallery-box box-none\">\n              <div class=\"box-image\" >\n                <img decoding=\"async\" width=\"300\" height=\"225\" src=\"https:\/\/airportkomoca.com\/wp-content\/uploads\/pozicovna-auta-bicykla-2.jpg\" class=\"attachment-medium size-medium\" alt=\"\" ids=\"1039,1040\" style=\"none\" lightbox_image_size=\"original\" col_spacing=\"small\" columns=\"2\" \/>                                                              <\/div>\n              <div class=\"box-text text-left\" >\n                 <p><\/p>\n              <\/div>\n            <\/div>\n            <\/a>          <\/div>\n         <\/div><\/div>\n\n\n\t\t<\/div>\n\t\t\t\t\t<\/div>\n\n\t\n\n\n<style>\n#row-1529018829 > .col > .col-inner {\n  padding: 1rem 1rem 1rem 1rem;\n  background-color: rgb(241, 241, 241);\n}\n<\/style>\n<\/div>\n<div class=\"row\"  id=\"row-1807140447\">\n\n\n\t<div id=\"col-985363076\" class=\"col medium-6 small-12 large-6\"  >\n\t\t\t\t<div class=\"col-inner\"  >\n\t\t\t\n\t\t\t\n\n<h2>F\u00fcrd\u00e9s<\/h2>\n<p>A kikapcsol\u00f3d\u00e1sra, \u00fasz\u00e1sra \u00e9s egy\u00e9b v\u00edzparti tev\u00e9kenys\u00e9gekre a k\u00f6zeli term\u00e9szetes f\u00fcrd\u0151hely, (a V\u00e1gon) az O\u00e1za camp Komo\u010da (Kamocsa) is lehet\u0151s\u00e9get ny\u00fajt, amely gyalog kb. 3 km-re tal\u00e1lhat\u00f3. Megl\u00e1togathatja Kol\u00e1rovo &#8211; G\u00fata v\u00e1ros\u00e1t is, ahol sz\u00e1mos l\u00e1tnival\u00f3, j\u00f3 \u00e9ttermek \u00e9s b\u00e1rok \u00e1llnak rendelkez\u00e9s\u00e9re, vagy ell\u00e1togathat a nemr\u00e9g megnyitott term\u00e1lf\u00fcrd\u0151be Nesvady-ban (Naszvadon). Ezekhez a kir\u00e1ndul\u00e1sokhoz haszn\u00e1lhatja aut\u00f3inkat.  <\/p>\n\n\t\t<\/div>\n\t\t\t\t\t<\/div>\n\n\t\n\n\t<div id=\"col-1862993733\" class=\"col medium-6 small-12 large-6\"  >\n\t\t\t\t<div class=\"col-inner\"  >\n\t\t\t\n\t\t\t\n\n\n  \n    <div class=\"row  lightbox-multi-gallery large-columns-2 medium-columns- small-columns- row-small\" >\n  <div class=\"gallery-col col\" >\n          <div class=\"col-inner\">\n            <a class=\"\" href=\"https:\/\/airportkomoca.com\/wp-content\/uploads\/kupanie-1.jpg\" title=\"\">            <div class=\"box has-hover gallery-box box-none\">\n              <div class=\"box-image\" >\n                <img decoding=\"async\" width=\"300\" height=\"200\" src=\"https:\/\/airportkomoca.com\/wp-content\/uploads\/kupanie-1.jpg\" class=\"attachment-medium size-medium\" alt=\"\" ids=\"1035,1036,1037,1038\" style=\"none\" lightbox_image_size=\"original\" col_spacing=\"small\" columns=\"2\" \/>                                                              <\/div>\n              <div class=\"box-text text-left\" >\n                 <p><\/p>\n              <\/div>\n            <\/div>\n            <\/a>          <\/div>\n         <\/div><div class=\"gallery-col col\" >\n          <div class=\"col-inner\">\n            <a class=\"\" href=\"https:\/\/airportkomoca.com\/wp-content\/uploads\/kupanie-2.jpg\" title=\"\">            <div class=\"box has-hover gallery-box box-none\">\n              <div class=\"box-image\" >\n                <img decoding=\"async\" width=\"300\" height=\"225\" src=\"https:\/\/airportkomoca.com\/wp-content\/uploads\/kupanie-2.jpg\" class=\"attachment-medium size-medium\" alt=\"\" ids=\"1035,1036,1037,1038\" style=\"none\" lightbox_image_size=\"original\" col_spacing=\"small\" columns=\"2\" \/>                                                              <\/div>\n              <div class=\"box-text text-left\" >\n                 <p><\/p>\n              <\/div>\n            <\/div>\n            <\/a>          <\/div>\n         <\/div><div class=\"gallery-col col\" >\n          <div class=\"col-inner\">\n            <a class=\"\" href=\"https:\/\/airportkomoca.com\/wp-content\/uploads\/kupanie-3.jpg\" title=\"\">            <div class=\"box has-hover gallery-box box-none\">\n              <div class=\"box-image\" >\n                <img decoding=\"async\" width=\"300\" height=\"200\" src=\"https:\/\/airportkomoca.com\/wp-content\/uploads\/kupanie-3.jpg\" class=\"attachment-medium size-medium\" alt=\"\" ids=\"1035,1036,1037,1038\" style=\"none\" lightbox_image_size=\"original\" col_spacing=\"small\" columns=\"2\" \/>                                                              <\/div>\n              <div class=\"box-text text-left\" >\n                 <p><\/p>\n              <\/div>\n            <\/div>\n            <\/a>          <\/div>\n         <\/div><div class=\"gallery-col col\" >\n          <div class=\"col-inner\">\n            <a class=\"\" href=\"https:\/\/airportkomoca.com\/wp-content\/uploads\/kupanie-4.jpg\" title=\"\">            <div class=\"box has-hover gallery-box box-none\">\n              <div class=\"box-image\" >\n                <img decoding=\"async\" width=\"300\" height=\"200\" src=\"https:\/\/airportkomoca.com\/wp-content\/uploads\/kupanie-4.jpg\" class=\"attachment-medium size-medium\" alt=\"\" ids=\"1035,1036,1037,1038\" style=\"none\" lightbox_image_size=\"original\" col_spacing=\"small\" columns=\"2\" \/>                                                              <\/div>\n              <div class=\"box-text text-left\" >\n                 <p><\/p>\n              <\/div>\n            <\/div>\n            <\/a>          <\/div>\n         <\/div><\/div>\n\n\n\t\t<\/div>\n\t\t\t\t\t<\/div>\n\n\t\n\n\n<style>\n#row-1807140447 > .col > .col-inner {\n  padding: 1rem 1rem 1rem 1rem;\n}\n<\/style>\n<\/div>\n<div class=\"row row-collapse align-equal\"  id=\"row-608682289\">\n\n\n\t<div id=\"col-162309439\" class=\"col medium-6 small-12 large-6\"  >\n\t\t\t\t<div class=\"col-inner\"  >\n\t\t\t\n\t\t\t\n\n<h2>Horg\u00e1szat<\/h2>\n<p>A horg\u00e1szat szerelmeseinek ingyenes helyet, valamint alapvet\u0151 horg\u00e1szfelszerel\u00e9st biztos\u00edtunk a k\u00f6zeli tavon.<\/p>\n\n\t\t<\/div>\n\t\t\t\t\t<\/div>\n\n\t\n\n\t<div id=\"col-1182370238\" class=\"col medium-6 small-12 large-6\"  >\n\t\t\t\t<div class=\"col-inner\"  >\n\t\t\t\n\t\t\t\n\n\n  \n    <div class=\"row  lightbox-multi-gallery large-columns-2 medium-columns- small-columns- row-small\" >\n  <div class=\"gallery-col col\" >\n          <div class=\"col-inner\">\n            <a class=\"\" href=\"https:\/\/airportkomoca.com\/wp-content\/uploads\/rybarcenie-1.jpg\" title=\"\">            <div class=\"box has-hover gallery-box box-none\">\n              <div class=\"box-image\" >\n                <img decoding=\"async\" width=\"300\" height=\"225\" src=\"https:\/\/airportkomoca.com\/wp-content\/uploads\/rybarcenie-1.jpg\" class=\"attachment-medium size-medium\" alt=\"\" ids=\"1041,1042,1043\" style=\"none\" lightbox_image_size=\"original\" col_spacing=\"small\" columns=\"2\" \/>                                                              <\/div>\n              <div class=\"box-text text-left\" >\n                 <p><\/p>\n              <\/div>\n            <\/div>\n            <\/a>          <\/div>\n         <\/div><div class=\"gallery-col col\" >\n          <div class=\"col-inner\">\n            <a class=\"\" href=\"https:\/\/airportkomoca.com\/wp-content\/uploads\/rybarcenie-2.jpg\" title=\"\">            <div class=\"box has-hover gallery-box box-none\">\n              <div class=\"box-image\" >\n                <img decoding=\"async\" width=\"300\" height=\"225\" src=\"https:\/\/airportkomoca.com\/wp-content\/uploads\/rybarcenie-2.jpg\" class=\"attachment-medium size-medium\" alt=\"\" ids=\"1041,1042,1043\" style=\"none\" lightbox_image_size=\"original\" col_spacing=\"small\" columns=\"2\" \/>                                                              <\/div>\n              <div class=\"box-text text-left\" >\n                 <p><\/p>\n              <\/div>\n            <\/div>\n            <\/a>          <\/div>\n         <\/div><div class=\"gallery-col col\" >\n          <div class=\"col-inner\">\n            <a class=\"\" href=\"https:\/\/airportkomoca.com\/wp-content\/uploads\/rybarcenie-3.jpg\" title=\"\">            <div class=\"box has-hover gallery-box box-none\">\n              <div class=\"box-image\" >\n                <img decoding=\"async\" width=\"300\" height=\"225\" src=\"https:\/\/airportkomoca.com\/wp-content\/uploads\/rybarcenie-3.jpg\" class=\"attachment-medium size-medium\" alt=\"\" ids=\"1041,1042,1043\" style=\"none\" lightbox_image_size=\"original\" col_spacing=\"small\" columns=\"2\" \/>                                                              <\/div>\n              <div class=\"box-text text-left\" >\n                 <p><\/p>\n              <\/div>\n            <\/div>\n            <\/a>          <\/div>\n         <\/div><\/div>\n\n\n\t\t<\/div>\n\t\t\t\t\t<\/div>\n\n\t\n\n\n<style>\n#row-608682289 > .col > .col-inner {\n  padding: 1rem 1rem 1rem 1rem;\n  background-color: rgb(241, 241, 241);\n}\n<\/style>\n<\/div>\n<div class=\"row\"  id=\"row-576023885\">\n\n\n\t<div id=\"col-1898449483\" class=\"col medium-6 small-12 large-6\"  >\n\t\t\t\t<div class=\"col-inner\"  >\n\t\t\t\n\t\t\t\n\n<h2>Pil\u00f3ta bolt \u00e9s b\u00fcf\u00e9 a pil\u00f3t\u00e1k sz\u00e1m\u00e1ra \u2013 folyamatban<\/h2>\n<p>A rep\u00fcl\u0151t\u00e9r szolg\u00e1ltat\u00e1sait ig\u00e9nybe vev\u0151 pil\u00f3t\u00e1k sz\u00e1m\u00e1ra PILOT SHOP-ot \u00e9s b\u00fcf\u00e9t k\u00e9sz\u00edt\u00fcnk, ahol friss\u00edt\u0151ket szolg\u00e1lunk fel. P\u00e9ntekt\u0151l vas\u00e1rnapig tart nyitva. P\u00e9ntekt\u0151l vas\u00e1rnapig lesz nyitva.<\/p>\n\n\t\t<\/div>\n\t\t\t\t\t<\/div>\n\n\t\n\n\t<div id=\"col-1202415633\" class=\"col medium-6 small-12 large-6\"  >\n\t\t\t\t<div class=\"col-inner\"  >\n\t\t\t\n\t\t\t\n\n\t<div id=\"ux-lottie-58276136\" class=\"ux-lottie\" >\n\t\t\t\t<lottie-player class=\"ux-lottie__player\" data-params=\"{&quot;src&quot;:&quot;https:\\\/\\\/airportkomoca.com\\\/wp-content\\\/uploads\\\/Animation-1740410365693.json&quot;,&quot;loop&quot;:true,&quot;autoplay&quot;:true,&quot;controls&quot;:false,&quot;speed&quot;:&quot;1&quot;,&quot;direction&quot;:1,&quot;trigger&quot;:&quot;&quot;,&quot;mouseout&quot;:&quot;&quot;,&quot;start&quot;:0,&quot;end&quot;:100,&quot;scrollActionType&quot;:&quot;seek&quot;,&quot;visibilityStart&quot;:0,&quot;visibilityEnd&quot;:100,&quot;id&quot;:&quot;ux-lottie-58276136&quot;}\" ><\/lottie-player>\n\t\t\t\t\n<style>\n#ux-lottie-58276136 {\n  width: 100%;\n  height: 100px;\n}\n<\/style>\n\t<\/div>\n\t\n\n\t<div id=\"text-2359770288\" class=\"text alert-color\">\n\t\t\n\n<p>Hamarosan, 2022 m\u00e1jus v\u00e9g\u00e9n nyitunk.<\/p>\n\t\t\n<style>\n#text-2359770288 {\n  text-align: center;\n}\n<\/style>\n\t<\/div>\n\t\n\n\t\t<\/div>\n\t\t\t\t\t<\/div>\n\n\t\n\n\n<style>\n#row-576023885 > .col > .col-inner {\n  padding: 1rem 1rem 1rem 1rem;\n}\n<\/style>\n<\/div>\n\n\t\t<\/div>\n\n\t\t\n<style>\n#section_288862901 {\n  padding-top: 30px;\n  padding-bottom: 30px;\n}\n<\/style>\n\t<\/section>\n\t\n\n","protected":false},"excerpt":{"rendered":"","protected":false},"author":1,"featured_media":0,"parent":0,"menu_order":0,"comment_status":"closed","ping_status":"closed","template":"","meta":{"footnotes":""},"class_list":["post-1034","page","type-page","status-publish","hentry"],"yoast_head":"<!-- This site is optimized with the Yoast SEO plugin v24.9 - https:\/\/yoast.com\/wordpress\/plugins\/seo\/ -->\n<title>Egy\u00e9b szolg\u00e1ltat\u00e1sok | Letisko Komo\u010da | Airport Komo\u010da<\/title>\n<meta name=\"robots\" content=\"index, follow, max-snippet:-1, max-image-preview:large, max-video-preview:-1\" \/>\n<link rel=\"canonical\" href=\"https:\/\/airportkomoca.com\/hu\/egyeb-szolgaltatasok\/\" \/>\n<meta property=\"og:locale\" content=\"hu_HU\" \/>\n<meta property=\"og:type\" content=\"article\" \/>\n<meta property=\"og:title\" content=\"Egy\u00e9b szolg\u00e1ltat\u00e1sok | Letisko Komo\u010da | Airport Komo\u010da\" \/>\n<meta property=\"og:url\" content=\"https:\/\/airportkomoca.com\/hu\/egyeb-szolgaltatasok\/\" \/>\n<meta property=\"og:site_name\" content=\"Letisko Komo\u010da | Airport Komo\u010da\" \/>\n<meta property=\"article:publisher\" content=\"https:\/\/www.facebook.com\/profile.php?id=100064129061738\" \/>\n<meta property=\"article:modified_time\" content=\"2025-04-08T06:41:22+00:00\" \/>\n<meta property=\"og:image\" content=\"https:\/\/airportkomoca.com\/wp-content\/uploads\/wwa-logo.png\" \/>\n\t<meta property=\"og:image:width\" content=\"476\" \/>\n\t<meta property=\"og:image:height\" content=\"328\" \/>\n\t<meta property=\"og:image:type\" content=\"image\/png\" \/>\n<meta name=\"twitter:card\" content=\"summary_large_image\" \/>\n<meta name=\"twitter:label1\" content=\"Becs\u00fclt olvas\u00e1si id\u0151\" \/>\n\t<meta name=\"twitter:data1\" content=\"2 perc\" \/>\n<script type=\"application\/ld+json\" class=\"yoast-schema-graph\">{\"@context\":\"https:\/\/schema.org\",\"@graph\":[{\"@type\":\"WebPage\",\"@id\":\"https:\/\/airportkomoca.com\/hu\/egyeb-szolgaltatasok\/\",\"url\":\"https:\/\/airportkomoca.com\/hu\/egyeb-szolgaltatasok\/\",\"name\":\"Egy\u00e9b szolg\u00e1ltat\u00e1sok | Letisko Komo\u010da | Airport Komo\u010da\",\"isPartOf\":{\"@id\":\"https:\/\/airportkomoca.com\/hu\/#website\"},\"datePublished\":\"2025-02-21T08:45:34+00:00\",\"dateModified\":\"2025-04-08T06:41:22+00:00\",\"breadcrumb\":{\"@id\":\"https:\/\/airportkomoca.com\/hu\/egyeb-szolgaltatasok\/#breadcrumb\"},\"inLanguage\":\"hu\",\"potentialAction\":[{\"@type\":\"ReadAction\",\"target\":[\"https:\/\/airportkomoca.com\/hu\/egyeb-szolgaltatasok\/\"]}]},{\"@type\":\"BreadcrumbList\",\"@id\":\"https:\/\/airportkomoca.com\/hu\/egyeb-szolgaltatasok\/#breadcrumb\",\"itemListElement\":[{\"@type\":\"ListItem\",\"position\":1,\"name\":\"Home\",\"item\":\"https:\/\/airportkomoca.com\/hu\/fooldal\/\"},{\"@type\":\"ListItem\",\"position\":2,\"name\":\"Egy\u00e9b szolg\u00e1ltat\u00e1sok\"}]},{\"@type\":\"WebSite\",\"@id\":\"https:\/\/airportkomoca.com\/hu\/#website\",\"url\":\"https:\/\/airportkomoca.com\/hu\/\",\"name\":\"Letisko Komo\u010da | Airport Komo\u010da\",\"description\":\"Aeroklub White Wings\",\"publisher\":{\"@id\":\"https:\/\/airportkomoca.com\/hu\/#organization\"},\"alternateName\":\"Aeroklub White Wings\",\"potentialAction\":[{\"@type\":\"SearchAction\",\"target\":{\"@type\":\"EntryPoint\",\"urlTemplate\":\"https:\/\/airportkomoca.com\/hu\/?s={search_term_string}\"},\"query-input\":{\"@type\":\"PropertyValueSpecification\",\"valueRequired\":true,\"valueName\":\"search_term_string\"}}],\"inLanguage\":\"hu\"},{\"@type\":\"Organization\",\"@id\":\"https:\/\/airportkomoca.com\/hu\/#organization\",\"name\":\"White Wings Aeroklub\",\"alternateName\":\"Letisko Komo\u010da | Airport Komo\u010da\",\"url\":\"https:\/\/airportkomoca.com\/hu\/\",\"logo\":{\"@type\":\"ImageObject\",\"inLanguage\":\"hu\",\"@id\":\"https:\/\/airportkomoca.com\/hu\/#\/schema\/logo\/image\/\",\"url\":\"https:\/\/airportkomoca.com\/wp-content\/uploads\/wwa-logo.png\",\"contentUrl\":\"https:\/\/airportkomoca.com\/wp-content\/uploads\/wwa-logo.png\",\"width\":476,\"height\":328,\"caption\":\"White Wings Aeroklub\"},\"image\":{\"@id\":\"https:\/\/airportkomoca.com\/hu\/#\/schema\/logo\/image\/\"},\"sameAs\":[\"https:\/\/www.facebook.com\/profile.php?id=100064129061738\"]}]}<\/script>\n<!-- \/ Yoast SEO plugin. -->","yoast_head_json":{"title":"Egy\u00e9b szolg\u00e1ltat\u00e1sok | Letisko Komo\u010da | Airport Komo\u010da","robots":{"index":"index","follow":"follow","max-snippet":"max-snippet:-1","max-image-preview":"max-image-preview:large","max-video-preview":"max-video-preview:-1"},"canonical":"https:\/\/airportkomoca.com\/hu\/egyeb-szolgaltatasok\/","og_locale":"hu_HU","og_type":"article","og_title":"Egy\u00e9b szolg\u00e1ltat\u00e1sok | Letisko Komo\u010da | Airport Komo\u010da","og_url":"https:\/\/airportkomoca.com\/hu\/egyeb-szolgaltatasok\/","og_site_name":"Letisko Komo\u010da | Airport Komo\u010da","article_publisher":"https:\/\/www.facebook.com\/profile.php?id=100064129061738","article_modified_time":"2025-04-08T06:41:22+00:00","og_image":[{"width":476,"height":328,"url":"https:\/\/airportkomoca.com\/wp-content\/uploads\/wwa-logo.png","type":"image\/png"}],"twitter_card":"summary_large_image","twitter_misc":{"Becs\u00fclt olvas\u00e1si id\u0151":"2 perc"},"schema":{"@context":"https:\/\/schema.org","@graph":[{"@type":"WebPage","@id":"https:\/\/airportkomoca.com\/hu\/egyeb-szolgaltatasok\/","url":"https:\/\/airportkomoca.com\/hu\/egyeb-szolgaltatasok\/","name":"Egy\u00e9b szolg\u00e1ltat\u00e1sok | Letisko Komo\u010da | Airport Komo\u010da","isPartOf":{"@id":"https:\/\/airportkomoca.com\/hu\/#website"},"datePublished":"2025-02-21T08:45:34+00:00","dateModified":"2025-04-08T06:41:22+00:00","breadcrumb":{"@id":"https:\/\/airportkomoca.com\/hu\/egyeb-szolgaltatasok\/#breadcrumb"},"inLanguage":"hu","potentialAction":[{"@type":"ReadAction","target":["https:\/\/airportkomoca.com\/hu\/egyeb-szolgaltatasok\/"]}]},{"@type":"BreadcrumbList","@id":"https:\/\/airportkomoca.com\/hu\/egyeb-szolgaltatasok\/#breadcrumb","itemListElement":[{"@type":"ListItem","position":1,"name":"Home","item":"https:\/\/airportkomoca.com\/hu\/fooldal\/"},{"@type":"ListItem","position":2,"name":"Egy\u00e9b szolg\u00e1ltat\u00e1sok"}]},{"@type":"WebSite","@id":"https:\/\/airportkomoca.com\/hu\/#website","url":"https:\/\/airportkomoca.com\/hu\/","name":"Letisko Komo\u010da | Airport Komo\u010da","description":"Aeroklub White Wings","publisher":{"@id":"https:\/\/airportkomoca.com\/hu\/#organization"},"alternateName":"Aeroklub White Wings","potentialAction":[{"@type":"SearchAction","target":{"@type":"EntryPoint","urlTemplate":"https:\/\/airportkomoca.com\/hu\/?s={search_term_string}"},"query-input":{"@type":"PropertyValueSpecification","valueRequired":true,"valueName":"search_term_string"}}],"inLanguage":"hu"},{"@type":"Organization","@id":"https:\/\/airportkomoca.com\/hu\/#organization","name":"White Wings Aeroklub","alternateName":"Letisko Komo\u010da | Airport Komo\u010da","url":"https:\/\/airportkomoca.com\/hu\/","logo":{"@type":"ImageObject","inLanguage":"hu","@id":"https:\/\/airportkomoca.com\/hu\/#\/schema\/logo\/image\/","url":"https:\/\/airportkomoca.com\/wp-content\/uploads\/wwa-logo.png","contentUrl":"https:\/\/airportkomoca.com\/wp-content\/uploads\/wwa-logo.png","width":476,"height":328,"caption":"White Wings Aeroklub"},"image":{"@id":"https:\/\/airportkomoca.com\/hu\/#\/schema\/logo\/image\/"},"sameAs":["https:\/\/www.facebook.com\/profile.php?id=100064129061738"]}]}},"_links":{"self":[{"href":"https:\/\/airportkomoca.com\/hu\/wp-json\/wp\/v2\/pages\/1034","targetHints":{"allow":["GET"]}}],"collection":[{"href":"https:\/\/airportkomoca.com\/hu\/wp-json\/wp\/v2\/pages"}],"about":[{"href":"https:\/\/airportkomoca.com\/hu\/wp-json\/wp\/v2\/types\/page"}],"author":[{"embeddable":true,"href":"https:\/\/airportkomoca.com\/hu\/wp-json\/wp\/v2\/users\/1"}],"replies":[{"embeddable":true,"href":"https:\/\/airportkomoca.com\/hu\/wp-json\/wp\/v2\/comments?post=1034"}],"version-history":[{"count":0,"href":"https:\/\/airportkomoca.com\/hu\/wp-json\/wp\/v2\/pages\/1034\/revisions"}],"wp:attachment":[{"href":"https:\/\/airportkomoca.com\/hu\/wp-json\/wp\/v2\/media?parent=1034"}],"curies":[{"name":"wp","href":"https:\/\/api.w.org\/{rel}","templated":true}]}}