{"id":1015,"date":"2025-02-21T09:45:07","date_gmt":"2025-02-21T08:45:07","guid":{"rendered":"https:\/\/airportkomoca.com\/repulogep-tarolasa\/"},"modified":"2025-05-28T14:12:22","modified_gmt":"2025-05-28T12:12:22","slug":"repulogep-tarolasa","status":"publish","type":"page","link":"https:\/\/airportkomoca.com\/hu\/repulogep-tarolasa\/","title":{"rendered":"Rep\u00fcl\u0151g\u00e9p t\u00e1rol\u00e1sa"},"content":{"rendered":"\n  <div id=\"page-header-1314849908\" class=\"page-header-wrapper\">\n  <div class=\"page-title dark featured-title\">\n\n        <div class=\"page-title-bg\">\n      <div class=\"title-bg fill bg-fill\"\n        data-parallax-container=\".page-title\"\n        data-parallax-background\n        data-parallax=\"-\">\n      <\/div>\n      <div class=\"title-overlay fill\"><\/div>\n    <\/div>\n    \n    <div class=\"page-title-inner container align-center text-center flex-row-col medium-flex-wrap\" >\n              <div class=\"title-wrapper uppercase flex-col\">\n          <h1 class=\"entry-title mb-0\">\n            Rep\u00fcl\u0151g\u00e9p t\u00e1rol\u00e1sa          <\/h1>\n        <\/div>\n                    <div class=\"title-content flex-col\">\n              <\/div>\n    <\/div>\n\n     \n<style>\n#page-header-1314849908 .page-title-inner {\n  min-height: 200px;\n}\n#page-header-1314849908 .title-bg {\n  background-image: url(https:\/\/airportkomoca.com\/wp-content\/uploads\/lk-hero-banner-2.jpg);\n  background-position: 50% 50%;\n}\n#page-header-1314849908 .title-overlay {\n  background-color: rgba(0,0,0,.5);\n}\n<\/style>\n  <\/div>\n    <\/div>\n  \n\n\n\t<section class=\"section\" id=\"section_607813848\">\n\t\t<div class=\"section-bg fill\" >\n\t\t\t\t\t\t\t\t\t\n\t\t\t\n\n\t\t<\/div>\n\n\t\t\n\n\t\t<div class=\"section-content relative\">\n\t\t\t\n\n<div class=\"row\"  id=\"row-1106284708\">\n\n\n\t<div id=\"col-1400183937\" class=\"col small-12 large-12\"  >\n\t\t\t\t<div class=\"col-inner\"  >\n\t\t\t\n\t\t\t\n\n<p>Ha \u00d6n m\u00e9gis rep\u00fcl\u0151 v\u00e1s\u00e1rl\u00e1sa mellett d\u00f6ntene, akkor a t\u00e1rol\u00e1s probl\u00e9m\u00e1j\u00e1val is szembe kell n\u00e9znie. A rep\u00fcl\u0151g\u00e9pek t\u00f6bbnyire a felsz\u00e1ll\u00f3helyek &#8211; rep\u00fcl\u0151terek &#8211; k\u00f6zel\u00e9ben, hang\u00e1rakban parkolnak, hogy k\u00f6nnyen \u00e9s egyszer\u0171en a leveg\u0151be emelkedhessenek. Kor\u00e1bban hang\u00e1rakat \u00e9p\u00edtettek &#8211; nagy m\u00e9ret\u0171 hang\u00e1rakat, ahol nagysz\u00e1m\u00fa rep\u00fcl\u0151g\u00e9pet tudtak elhelyezni. Ezek a nagy terek lehet\u0151v\u00e9 tett\u00e9k t\u00f6bb tucat g\u00e9p t\u00e1rol\u00e1s\u00e1t, a probl\u00e9ma csak akkor kezd\u0151d\u00f6tt, amikor a saj\u00e1t g\u00e9p a 8&#8230;.10&#8230;.15. volt a sorrendben, \u00e9s ahhoz, hogy a hang\u00e1ron k\u00edv\u00fclre ker\u00fclj\u00f6n, rengeteg g\u00e9pet kellett mozg\u00f3s\u00edtani. Miut\u00e1n a saj\u00e1t g\u00e9p a hang\u00e1ron k\u00edv\u00fcl volt, term\u00e9szetesen a t\u00f6bbit vissza kellett vinni.<\/p>\n<p>A mi rep\u00fcl\u0151ter\u00fcnk\u00f6n a hang\u00e1r\u00e9p\u00edt\u00e9sen bel\u00fcl a terek kisebb egys\u00e9gekre vannak osztva, ahol 2-3 rep\u00fcl\u0151g\u00e9p t\u00e1rol\u00e1s\u00e1ra van lehet\u0151s\u00e9g. Ez azt jelenti, hogy ak\u00e1r a h\u00e1ts\u00f3 r\u00e9szen l\u00e9v\u0151 rep\u00fcl\u0151g\u00e9p eset\u00e9n is legfeljebb 2 rep\u00fcl\u0151g\u00e9pet kell kitenni a hang\u00e1rb\u00f3l. Ez mind id\u0151ben, mind logisztikailag egyszer\u0171bb. A hang\u00e1rfelt\u00e9telekr\u0151l a rep\u00fcl\u0151t\u00e9r \u00fczemeltet\u0151j\u00e9vel kell egyeztetni.   <\/p>\n<p><b>A b\u00e9rleti d\u00edj 1 h\u00f3napra 150 Euro + \u00c1FA.<\/b><\/p>\n\n\n  \n    <div class=\"row  lightbox-multi-gallery large-columns-4 medium-columns-3 small-columns-2\" >\n  <div class=\"gallery-col col\" >\n          <div class=\"col-inner\">\n            <a class=\"\" href=\"https:\/\/airportkomoca.com\/wp-content\/uploads\/hangarovanie-1.jpg\" title=\"\">            <div class=\"box has-hover gallery-box box-none\">\n              <div class=\"box-image\" >\n                <img decoding=\"async\" width=\"1024\" height=\"768\" src=\"https:\/\/airportkomoca.com\/wp-content\/uploads\/hangarovanie-1.jpg\" class=\"attachment-original size-original\" alt=\"\" ids=\"1016,1017,1018,1019\" style=\"none\" lightbox_image_size=\"original\" image_size=\"original\" \/>                                                              <\/div>\n              <div class=\"box-text text-left\" >\n                 <p><\/p>\n              <\/div>\n            <\/div>\n            <\/a>          <\/div>\n         <\/div><div class=\"gallery-col col\" >\n          <div class=\"col-inner\">\n            <a class=\"\" href=\"https:\/\/airportkomoca.com\/wp-content\/uploads\/hangarovanie-2.jpg\" title=\"\">            <div class=\"box has-hover gallery-box box-none\">\n              <div class=\"box-image\" >\n                <img decoding=\"async\" width=\"1024\" height=\"768\" src=\"https:\/\/airportkomoca.com\/wp-content\/uploads\/hangarovanie-2.jpg\" class=\"attachment-original size-original\" alt=\"\" ids=\"1016,1017,1018,1019\" style=\"none\" lightbox_image_size=\"original\" image_size=\"original\" \/>                                                              <\/div>\n              <div class=\"box-text text-left\" >\n                 <p><\/p>\n              <\/div>\n            <\/div>\n            <\/a>          <\/div>\n         <\/div><div class=\"gallery-col col\" >\n          <div class=\"col-inner\">\n            <a class=\"\" href=\"https:\/\/airportkomoca.com\/wp-content\/uploads\/hangarovanie-3.jpg\" title=\"\">            <div class=\"box has-hover gallery-box box-none\">\n              <div class=\"box-image\" >\n                <img decoding=\"async\" width=\"1024\" height=\"768\" src=\"https:\/\/airportkomoca.com\/wp-content\/uploads\/hangarovanie-3.jpg\" class=\"attachment-original size-original\" alt=\"\" ids=\"1016,1017,1018,1019\" style=\"none\" lightbox_image_size=\"original\" image_size=\"original\" \/>                                                              <\/div>\n              <div class=\"box-text text-left\" >\n                 <p><\/p>\n              <\/div>\n            <\/div>\n            <\/a>          <\/div>\n         <\/div><div class=\"gallery-col col\" >\n          <div class=\"col-inner\">\n            <a class=\"\" href=\"https:\/\/airportkomoca.com\/wp-content\/uploads\/hangarovanie-4.jpg\" title=\"\">            <div class=\"box has-hover gallery-box box-none\">\n              <div class=\"box-image\" >\n                <img decoding=\"async\" width=\"1024\" height=\"768\" src=\"https:\/\/airportkomoca.com\/wp-content\/uploads\/hangarovanie-4.jpg\" class=\"attachment-original size-original\" alt=\"\" ids=\"1016,1017,1018,1019\" style=\"none\" lightbox_image_size=\"original\" image_size=\"original\" \/>                                                              <\/div>\n              <div class=\"box-text text-left\" >\n                 <p><\/p>\n              <\/div>\n            <\/div>\n            <\/a>          <\/div>\n         <\/div><\/div>\n\n\n\t\t<\/div>\n\t\t\t\t\t<\/div>\n\n\t\n\n<\/div>\n\n\t\t<\/div>\n\n\t\t\n<style>\n#section_607813848 {\n  padding-top: 30px;\n  padding-bottom: 30px;\n}\n<\/style>\n\t<\/section>\n\t\n\n","protected":false},"excerpt":{"rendered":"","protected":false},"author":1,"featured_media":0,"parent":0,"menu_order":0,"comment_status":"closed","ping_status":"closed","template":"","meta":{"footnotes":""},"class_list":["post-1015","page","type-page","status-publish","hentry"],"yoast_head":"<!-- This site is optimized with the Yoast SEO plugin v24.9 - https:\/\/yoast.com\/wordpress\/plugins\/seo\/ -->\n<title>Rep\u00fcl\u0151g\u00e9p t\u00e1rol\u00e1sa | Letisko Komo\u010da | Airport Komo\u010da<\/title>\n<meta name=\"robots\" content=\"index, follow, max-snippet:-1, max-image-preview:large, max-video-preview:-1\" \/>\n<link rel=\"canonical\" href=\"https:\/\/airportkomoca.com\/hu\/repulogep-tarolasa\/\" \/>\n<meta property=\"og:locale\" content=\"hu_HU\" \/>\n<meta property=\"og:type\" content=\"article\" \/>\n<meta property=\"og:title\" content=\"Rep\u00fcl\u0151g\u00e9p t\u00e1rol\u00e1sa | Letisko Komo\u010da | Airport Komo\u010da\" \/>\n<meta property=\"og:url\" content=\"https:\/\/airportkomoca.com\/hu\/repulogep-tarolasa\/\" \/>\n<meta property=\"og:site_name\" content=\"Letisko Komo\u010da | Airport Komo\u010da\" \/>\n<meta property=\"article:publisher\" content=\"https:\/\/www.facebook.com\/profile.php?id=100064129061738\" \/>\n<meta property=\"article:modified_time\" content=\"2025-05-28T12:12:22+00:00\" \/>\n<meta property=\"og:image\" content=\"https:\/\/airportkomoca.com\/wp-content\/uploads\/wwa-logo.png\" \/>\n\t<meta property=\"og:image:width\" content=\"476\" \/>\n\t<meta property=\"og:image:height\" content=\"328\" \/>\n\t<meta property=\"og:image:type\" content=\"image\/png\" \/>\n<meta name=\"twitter:card\" content=\"summary_large_image\" \/>\n<meta name=\"twitter:label1\" content=\"Becs\u00fclt olvas\u00e1si id\u0151\" \/>\n\t<meta name=\"twitter:data1\" content=\"1 perc\" \/>\n<script type=\"application\/ld+json\" class=\"yoast-schema-graph\">{\"@context\":\"https:\/\/schema.org\",\"@graph\":[{\"@type\":\"WebPage\",\"@id\":\"https:\/\/airportkomoca.com\/hu\/repulogep-tarolasa\/\",\"url\":\"https:\/\/airportkomoca.com\/hu\/repulogep-tarolasa\/\",\"name\":\"Rep\u00fcl\u0151g\u00e9p t\u00e1rol\u00e1sa | Letisko Komo\u010da | Airport Komo\u010da\",\"isPartOf\":{\"@id\":\"https:\/\/airportkomoca.com\/hu\/#website\"},\"datePublished\":\"2025-02-21T08:45:07+00:00\",\"dateModified\":\"2025-05-28T12:12:22+00:00\",\"breadcrumb\":{\"@id\":\"https:\/\/airportkomoca.com\/hu\/repulogep-tarolasa\/#breadcrumb\"},\"inLanguage\":\"hu\",\"potentialAction\":[{\"@type\":\"ReadAction\",\"target\":[\"https:\/\/airportkomoca.com\/hu\/repulogep-tarolasa\/\"]}]},{\"@type\":\"BreadcrumbList\",\"@id\":\"https:\/\/airportkomoca.com\/hu\/repulogep-tarolasa\/#breadcrumb\",\"itemListElement\":[{\"@type\":\"ListItem\",\"position\":1,\"name\":\"Home\",\"item\":\"https:\/\/airportkomoca.com\/hu\/fooldal\/\"},{\"@type\":\"ListItem\",\"position\":2,\"name\":\"Rep\u00fcl\u0151g\u00e9p t\u00e1rol\u00e1sa\"}]},{\"@type\":\"WebSite\",\"@id\":\"https:\/\/airportkomoca.com\/hu\/#website\",\"url\":\"https:\/\/airportkomoca.com\/hu\/\",\"name\":\"Letisko Komo\u010da | Airport Komo\u010da\",\"description\":\"Aeroklub White Wings\",\"publisher\":{\"@id\":\"https:\/\/airportkomoca.com\/hu\/#organization\"},\"alternateName\":\"Aeroklub White Wings\",\"potentialAction\":[{\"@type\":\"SearchAction\",\"target\":{\"@type\":\"EntryPoint\",\"urlTemplate\":\"https:\/\/airportkomoca.com\/hu\/?s={search_term_string}\"},\"query-input\":{\"@type\":\"PropertyValueSpecification\",\"valueRequired\":true,\"valueName\":\"search_term_string\"}}],\"inLanguage\":\"hu\"},{\"@type\":\"Organization\",\"@id\":\"https:\/\/airportkomoca.com\/hu\/#organization\",\"name\":\"White Wings Aeroklub\",\"alternateName\":\"Letisko Komo\u010da | Airport Komo\u010da\",\"url\":\"https:\/\/airportkomoca.com\/hu\/\",\"logo\":{\"@type\":\"ImageObject\",\"inLanguage\":\"hu\",\"@id\":\"https:\/\/airportkomoca.com\/hu\/#\/schema\/logo\/image\/\",\"url\":\"https:\/\/airportkomoca.com\/wp-content\/uploads\/wwa-logo.png\",\"contentUrl\":\"https:\/\/airportkomoca.com\/wp-content\/uploads\/wwa-logo.png\",\"width\":476,\"height\":328,\"caption\":\"White Wings Aeroklub\"},\"image\":{\"@id\":\"https:\/\/airportkomoca.com\/hu\/#\/schema\/logo\/image\/\"},\"sameAs\":[\"https:\/\/www.facebook.com\/profile.php?id=100064129061738\"]}]}<\/script>\n<!-- \/ Yoast SEO plugin. -->","yoast_head_json":{"title":"Rep\u00fcl\u0151g\u00e9p t\u00e1rol\u00e1sa | Letisko Komo\u010da | Airport Komo\u010da","robots":{"index":"index","follow":"follow","max-snippet":"max-snippet:-1","max-image-preview":"max-image-preview:large","max-video-preview":"max-video-preview:-1"},"canonical":"https:\/\/airportkomoca.com\/hu\/repulogep-tarolasa\/","og_locale":"hu_HU","og_type":"article","og_title":"Rep\u00fcl\u0151g\u00e9p t\u00e1rol\u00e1sa | Letisko Komo\u010da | Airport Komo\u010da","og_url":"https:\/\/airportkomoca.com\/hu\/repulogep-tarolasa\/","og_site_name":"Letisko Komo\u010da | Airport Komo\u010da","article_publisher":"https:\/\/www.facebook.com\/profile.php?id=100064129061738","article_modified_time":"2025-05-28T12:12:22+00:00","og_image":[{"width":476,"height":328,"url":"https:\/\/airportkomoca.com\/wp-content\/uploads\/wwa-logo.png","type":"image\/png"}],"twitter_card":"summary_large_image","twitter_misc":{"Becs\u00fclt olvas\u00e1si id\u0151":"1 perc"},"schema":{"@context":"https:\/\/schema.org","@graph":[{"@type":"WebPage","@id":"https:\/\/airportkomoca.com\/hu\/repulogep-tarolasa\/","url":"https:\/\/airportkomoca.com\/hu\/repulogep-tarolasa\/","name":"Rep\u00fcl\u0151g\u00e9p t\u00e1rol\u00e1sa | Letisko Komo\u010da | Airport Komo\u010da","isPartOf":{"@id":"https:\/\/airportkomoca.com\/hu\/#website"},"datePublished":"2025-02-21T08:45:07+00:00","dateModified":"2025-05-28T12:12:22+00:00","breadcrumb":{"@id":"https:\/\/airportkomoca.com\/hu\/repulogep-tarolasa\/#breadcrumb"},"inLanguage":"hu","potentialAction":[{"@type":"ReadAction","target":["https:\/\/airportkomoca.com\/hu\/repulogep-tarolasa\/"]}]},{"@type":"BreadcrumbList","@id":"https:\/\/airportkomoca.com\/hu\/repulogep-tarolasa\/#breadcrumb","itemListElement":[{"@type":"ListItem","position":1,"name":"Home","item":"https:\/\/airportkomoca.com\/hu\/fooldal\/"},{"@type":"ListItem","position":2,"name":"Rep\u00fcl\u0151g\u00e9p t\u00e1rol\u00e1sa"}]},{"@type":"WebSite","@id":"https:\/\/airportkomoca.com\/hu\/#website","url":"https:\/\/airportkomoca.com\/hu\/","name":"Letisko Komo\u010da | Airport Komo\u010da","description":"Aeroklub White Wings","publisher":{"@id":"https:\/\/airportkomoca.com\/hu\/#organization"},"alternateName":"Aeroklub White Wings","potentialAction":[{"@type":"SearchAction","target":{"@type":"EntryPoint","urlTemplate":"https:\/\/airportkomoca.com\/hu\/?s={search_term_string}"},"query-input":{"@type":"PropertyValueSpecification","valueRequired":true,"valueName":"search_term_string"}}],"inLanguage":"hu"},{"@type":"Organization","@id":"https:\/\/airportkomoca.com\/hu\/#organization","name":"White Wings Aeroklub","alternateName":"Letisko Komo\u010da | Airport Komo\u010da","url":"https:\/\/airportkomoca.com\/hu\/","logo":{"@type":"ImageObject","inLanguage":"hu","@id":"https:\/\/airportkomoca.com\/hu\/#\/schema\/logo\/image\/","url":"https:\/\/airportkomoca.com\/wp-content\/uploads\/wwa-logo.png","contentUrl":"https:\/\/airportkomoca.com\/wp-content\/uploads\/wwa-logo.png","width":476,"height":328,"caption":"White Wings Aeroklub"},"image":{"@id":"https:\/\/airportkomoca.com\/hu\/#\/schema\/logo\/image\/"},"sameAs":["https:\/\/www.facebook.com\/profile.php?id=100064129061738"]}]}},"_links":{"self":[{"href":"https:\/\/airportkomoca.com\/hu\/wp-json\/wp\/v2\/pages\/1015","targetHints":{"allow":["GET"]}}],"collection":[{"href":"https:\/\/airportkomoca.com\/hu\/wp-json\/wp\/v2\/pages"}],"about":[{"href":"https:\/\/airportkomoca.com\/hu\/wp-json\/wp\/v2\/types\/page"}],"author":[{"embeddable":true,"href":"https:\/\/airportkomoca.com\/hu\/wp-json\/wp\/v2\/users\/1"}],"replies":[{"embeddable":true,"href":"https:\/\/airportkomoca.com\/hu\/wp-json\/wp\/v2\/comments?post=1015"}],"version-history":[{"count":0,"href":"https:\/\/airportkomoca.com\/hu\/wp-json\/wp\/v2\/pages\/1015\/revisions"}],"wp:attachment":[{"href":"https:\/\/airportkomoca.com\/hu\/wp-json\/wp\/v2\/media?parent=1015"}],"curies":[{"name":"wp","href":"https:\/\/api.w.org\/{rel}","templated":true}]}}