{"id":1013,"date":"2025-02-21T09:44:54","date_gmt":"2025-02-21T08:44:54","guid":{"rendered":"https:\/\/airportkomoca.com\/repulogep-berlese\/"},"modified":"2025-04-08T08:59:58","modified_gmt":"2025-04-08T06:59:58","slug":"repulogep-berlese","status":"publish","type":"page","link":"https:\/\/airportkomoca.com\/hu\/repulogep-berlese\/","title":{"rendered":"Rep\u00fcl\u0151g\u00e9p b\u00e9rl\u00e9se"},"content":{"rendered":"\n  <div id=\"page-header-1358593986\" class=\"page-header-wrapper\">\n  <div class=\"page-title dark featured-title\">\n\n        <div class=\"page-title-bg\">\n      <div class=\"title-bg fill bg-fill\"\n        data-parallax-container=\".page-title\"\n        data-parallax-background\n        data-parallax=\"-\">\n      <\/div>\n      <div class=\"title-overlay fill\"><\/div>\n    <\/div>\n    \n    <div class=\"page-title-inner container align-center text-center flex-row-col medium-flex-wrap\" >\n              <div class=\"title-wrapper uppercase flex-col\">\n          <h1 class=\"entry-title mb-0\">\n            Rep\u00fcl\u0151g\u00e9p b\u00e9rl\u00e9se          <\/h1>\n        <\/div>\n                    <div class=\"title-content flex-col\">\n              <\/div>\n    <\/div>\n\n     \n<style>\n#page-header-1358593986 .page-title-inner {\n  min-height: 200px;\n}\n#page-header-1358593986 .title-bg {\n  background-image: url(https:\/\/airportkomoca.com\/wp-content\/uploads\/lk-hero-banner-2.jpg);\n  background-position: 50% 50%;\n}\n#page-header-1358593986 .title-overlay {\n  background-color: rgba(0,0,0,.5);\n}\n<\/style>\n  <\/div>\n    <\/div>\n  \n\n\n\t<section class=\"section\" id=\"section_1034042806\">\n\t\t<div class=\"section-bg fill\" >\n\t\t\t\t\t\t\t\t\t\n\t\t\t\n\n\t\t<\/div>\n\n\t\t\n\n\t\t<div class=\"section-content relative\">\n\t\t\t\n\n<div class=\"row\"  id=\"row-735905487\">\n\n\n\t<div id=\"col-1505365670\" class=\"col small-12 large-12\"  >\n\t\t\t\t<div class=\"col-inner\"  >\n\t\t\t\n\t\t\t\n\n<p>El\u0151bb-ut\u00f3bb, miut\u00e1n a k\u00e9pz\u00e9s\u00e9t befejezte, el\u0151fordulhat, hogy csak egyszer\u0171en rep\u00fclni szeretne, \u00e9s ha m\u00e9g nem vett saj\u00e1t g\u00e9pet, vagy nincs meg r\u00e1 az anyagi keret, akkor b\u00e9relnie kell egyet.<br>Nem mindenki akar p\u00e9nzt fektetni egy rep\u00fcl\u0151g\u00e9p megv\u00e1s\u00e1rl\u00e1s\u00e1ba, illetve nem mindenki engedheti meg mag\u00e1nak, hogy saj\u00e1tot v\u00e1s\u00e1roljon, ez\u00e9rt itt egy megold\u00e1s az \u00d6n sz\u00e1m\u00e1ra &#8211; egy rep\u00fcl\u0151g\u00e9p b\u00e9rl\u00e9se.  <\/p>\n<p>K\u00fcl\u00f6nb\u00f6z\u0151 t\u00edpus\u00fa rep\u00fcl\u0151g\u00e9pek b\u00e9relhet\u0151k, \u00e9s \u00d6n kiv\u00e1laszthatja az \u00d6nnek legmegfelel\u0151bbet. Ugyanakkor megengedheti mag\u00e1nak, hogy minden alkalommal m\u00e1s t\u00edpus\u00fa rep\u00fcl\u0151g\u00e9ppel rep\u00fclj\u00f6n, m\u00edg ha saj\u00e1t g\u00e9pe lenne, mindig ugyanazt a t\u00edpust haszn\u00e1ln\u00e1. Emellett a rep\u00fcl\u0151g\u00e9p b\u00e9rl\u00e9s\u00e9vel, parkol\u00e1s\u00e1val \u00e9s karbantart\u00e1s\u00e1val kapcsolatos gondok is megsz\u0171nnek, amelyekkel akt\u00edvan foglalkoznia kellene, ha saj\u00e1t rep\u00fcl\u0151g\u00e9pe lenne.  <\/p>\n<p>A szabadid\u0151s pil\u00f3t\u00e1k sz\u00e1m\u00e1ra a rep\u00fcl\u0151g\u00e9p-b\u00e9rl\u00e9s k\u00e9nyelmes \u00e9s pihentet\u0151 pillanatokat jelent a csal\u00e1dj\u00e1val \u00e9s bar\u00e1taival a r\u00f6vid vagy hossz\u00fa rep\u00fcl\u0151utakon. A rep\u00fcl\u0151g\u00e9p-b\u00e9rl\u00e9snek, ak\u00e1rcsak az aut\u00f3b\u00e9rl\u00e9snek, megvannak a maga saj\u00e1toss\u00e1gai, amelyeket \u00e9rdemes ismernie, miel\u0151tt rep\u00fcl\u0151g\u00e9pet b\u00e9rel. <\/p>\n\n\t\t<\/div>\n\t\t\t\t\t<\/div>\n\n\t\n\n\t<div id=\"col-1873938780\" class=\"col small-12 large-12\"  >\n\t\t\t\t<div class=\"col-inner\"  >\n\t\t\t\n\t\t\t\n\n\n  \n    <div class=\"row  lightbox-multi-gallery large-columns-5 medium-columns-3 small-columns-2\" >\n  <div class=\"gallery-col col\" >\n          <div class=\"col-inner\">\n            <a class=\"\" href=\"https:\/\/airportkomoca.com\/wp-content\/uploads\/VL3.jpg\" title=\"VL3\">            <div class=\"box has-hover gallery-box box-none\">\n              <div class=\"box-image\" >\n                <img decoding=\"async\" width=\"1024\" height=\"768\" src=\"https:\/\/airportkomoca.com\/wp-content\/uploads\/VL3.jpg\" class=\"attachment-original size-original\" alt=\"\" ids=\"529,528,527,526,525\" style=\"none\" lightbox_image_size=\"original\" columns=\"5\" image_size=\"original\" \/>                                                              <\/div>\n              <div class=\"box-text text-left\" >\n                 <p>VL3<\/p>\n              <\/div>\n            <\/div>\n            <\/a>          <\/div>\n         <\/div><div class=\"gallery-col col\" >\n          <div class=\"col-inner\">\n            <a class=\"\" href=\"https:\/\/airportkomoca.com\/wp-content\/uploads\/VL3-2.jpg\" title=\"VL3\">            <div class=\"box has-hover gallery-box box-none\">\n              <div class=\"box-image\" >\n                <img decoding=\"async\" width=\"1024\" height=\"768\" src=\"https:\/\/airportkomoca.com\/wp-content\/uploads\/VL3-2.jpg\" class=\"attachment-original size-original\" alt=\"\" ids=\"529,528,527,526,525\" style=\"none\" lightbox_image_size=\"original\" columns=\"5\" image_size=\"original\" \/>                                                              <\/div>\n              <div class=\"box-text text-left\" >\n                 <p>VL3<\/p>\n              <\/div>\n            <\/div>\n            <\/a>          <\/div>\n         <\/div><div class=\"gallery-col col\" >\n          <div class=\"col-inner\">\n            <a class=\"\" href=\"https:\/\/airportkomoca.com\/wp-content\/uploads\/Sirius.jpg\" title=\"Sirius\">            <div class=\"box has-hover gallery-box box-none\">\n              <div class=\"box-image\" >\n                <img decoding=\"async\" width=\"1024\" height=\"768\" src=\"https:\/\/airportkomoca.com\/wp-content\/uploads\/Sirius.jpg\" class=\"attachment-original size-original\" alt=\"\" ids=\"529,528,527,526,525\" style=\"none\" lightbox_image_size=\"original\" columns=\"5\" image_size=\"original\" \/>                                                              <\/div>\n              <div class=\"box-text text-left\" >\n                 <p>Sirius<\/p>\n              <\/div>\n            <\/div>\n            <\/a>          <\/div>\n         <\/div><div class=\"gallery-col col\" >\n          <div class=\"col-inner\">\n            <a class=\"\" href=\"https:\/\/airportkomoca.com\/wp-content\/uploads\/Bristell.jpg\" title=\"Bristell\">            <div class=\"box has-hover gallery-box box-none\">\n              <div class=\"box-image\" >\n                <img decoding=\"async\" width=\"1024\" height=\"768\" src=\"https:\/\/airportkomoca.com\/wp-content\/uploads\/Bristell.jpg\" class=\"attachment-original size-original\" alt=\"\" ids=\"529,528,527,526,525\" style=\"none\" lightbox_image_size=\"original\" columns=\"5\" image_size=\"original\" \/>                                                              <\/div>\n              <div class=\"box-text text-left\" >\n                 <p>Bristell<\/p>\n              <\/div>\n            <\/div>\n            <\/a>          <\/div>\n         <\/div><div class=\"gallery-col col\" >\n          <div class=\"col-inner\">\n            <a class=\"\" href=\"https:\/\/airportkomoca.com\/wp-content\/uploads\/Bristell-NG5.jpg\" title=\"Bristell NG5\">            <div class=\"box has-hover gallery-box box-none\">\n              <div class=\"box-image\" >\n                <img decoding=\"async\" width=\"1024\" height=\"768\" src=\"https:\/\/airportkomoca.com\/wp-content\/uploads\/Bristell-NG5.jpg\" class=\"attachment-original size-original\" alt=\"\" ids=\"529,528,527,526,525\" style=\"none\" lightbox_image_size=\"original\" columns=\"5\" image_size=\"original\" \/>                                                              <\/div>\n              <div class=\"box-text text-left\" >\n                 <p>Bristell NG5<\/p>\n              <\/div>\n            <\/div>\n            <\/a>          <\/div>\n         <\/div><\/div>\n\n\n\t\t<\/div>\n\t\t\t\t\t<\/div>\n\n\t\n\n<\/div>\n\n\t\t<\/div>\n\n\t\t\n<style>\n#section_1034042806 {\n  padding-top: 30px;\n  padding-bottom: 30px;\n}\n<\/style>\n\t<\/section>\n\t\n\n","protected":false},"excerpt":{"rendered":"","protected":false},"author":1,"featured_media":0,"parent":0,"menu_order":0,"comment_status":"closed","ping_status":"closed","template":"","meta":{"footnotes":""},"class_list":["post-1013","page","type-page","status-publish","hentry"],"yoast_head":"<!-- This site is optimized with the Yoast SEO plugin v24.9 - https:\/\/yoast.com\/wordpress\/plugins\/seo\/ -->\n<title>Rep\u00fcl\u0151g\u00e9p b\u00e9rl\u00e9se | Letisko Komo\u010da | Airport Komo\u010da<\/title>\n<meta name=\"robots\" content=\"index, follow, max-snippet:-1, max-image-preview:large, max-video-preview:-1\" \/>\n<link rel=\"canonical\" href=\"https:\/\/airportkomoca.com\/hu\/repulogep-berlese\/\" \/>\n<meta property=\"og:locale\" content=\"hu_HU\" \/>\n<meta property=\"og:type\" content=\"article\" \/>\n<meta property=\"og:title\" content=\"Rep\u00fcl\u0151g\u00e9p b\u00e9rl\u00e9se | Letisko Komo\u010da | Airport Komo\u010da\" \/>\n<meta property=\"og:url\" content=\"https:\/\/airportkomoca.com\/hu\/repulogep-berlese\/\" \/>\n<meta property=\"og:site_name\" content=\"Letisko Komo\u010da | Airport Komo\u010da\" \/>\n<meta property=\"article:publisher\" content=\"https:\/\/www.facebook.com\/profile.php?id=100064129061738\" \/>\n<meta property=\"article:modified_time\" content=\"2025-04-08T06:59:58+00:00\" \/>\n<meta property=\"og:image\" content=\"https:\/\/airportkomoca.com\/wp-content\/uploads\/wwa-logo.png\" \/>\n\t<meta property=\"og:image:width\" content=\"476\" \/>\n\t<meta property=\"og:image:height\" content=\"328\" \/>\n\t<meta property=\"og:image:type\" content=\"image\/png\" \/>\n<meta name=\"twitter:card\" content=\"summary_large_image\" \/>\n<meta name=\"twitter:label1\" content=\"Becs\u00fclt olvas\u00e1si id\u0151\" \/>\n\t<meta name=\"twitter:data1\" content=\"1 perc\" \/>\n<script type=\"application\/ld+json\" class=\"yoast-schema-graph\">{\"@context\":\"https:\/\/schema.org\",\"@graph\":[{\"@type\":\"WebPage\",\"@id\":\"https:\/\/airportkomoca.com\/hu\/repulogep-berlese\/\",\"url\":\"https:\/\/airportkomoca.com\/hu\/repulogep-berlese\/\",\"name\":\"Rep\u00fcl\u0151g\u00e9p b\u00e9rl\u00e9se | Letisko Komo\u010da | Airport Komo\u010da\",\"isPartOf\":{\"@id\":\"https:\/\/airportkomoca.com\/hu\/#website\"},\"datePublished\":\"2025-02-21T08:44:54+00:00\",\"dateModified\":\"2025-04-08T06:59:58+00:00\",\"breadcrumb\":{\"@id\":\"https:\/\/airportkomoca.com\/hu\/repulogep-berlese\/#breadcrumb\"},\"inLanguage\":\"hu\",\"potentialAction\":[{\"@type\":\"ReadAction\",\"target\":[\"https:\/\/airportkomoca.com\/hu\/repulogep-berlese\/\"]}]},{\"@type\":\"BreadcrumbList\",\"@id\":\"https:\/\/airportkomoca.com\/hu\/repulogep-berlese\/#breadcrumb\",\"itemListElement\":[{\"@type\":\"ListItem\",\"position\":1,\"name\":\"Home\",\"item\":\"https:\/\/airportkomoca.com\/hu\/fooldal\/\"},{\"@type\":\"ListItem\",\"position\":2,\"name\":\"Rep\u00fcl\u0151g\u00e9p b\u00e9rl\u00e9se\"}]},{\"@type\":\"WebSite\",\"@id\":\"https:\/\/airportkomoca.com\/hu\/#website\",\"url\":\"https:\/\/airportkomoca.com\/hu\/\",\"name\":\"Letisko Komo\u010da | Airport Komo\u010da\",\"description\":\"Aeroklub White Wings\",\"publisher\":{\"@id\":\"https:\/\/airportkomoca.com\/hu\/#organization\"},\"alternateName\":\"Aeroklub White Wings\",\"potentialAction\":[{\"@type\":\"SearchAction\",\"target\":{\"@type\":\"EntryPoint\",\"urlTemplate\":\"https:\/\/airportkomoca.com\/hu\/?s={search_term_string}\"},\"query-input\":{\"@type\":\"PropertyValueSpecification\",\"valueRequired\":true,\"valueName\":\"search_term_string\"}}],\"inLanguage\":\"hu\"},{\"@type\":\"Organization\",\"@id\":\"https:\/\/airportkomoca.com\/hu\/#organization\",\"name\":\"White Wings Aeroklub\",\"alternateName\":\"Letisko Komo\u010da | Airport Komo\u010da\",\"url\":\"https:\/\/airportkomoca.com\/hu\/\",\"logo\":{\"@type\":\"ImageObject\",\"inLanguage\":\"hu\",\"@id\":\"https:\/\/airportkomoca.com\/hu\/#\/schema\/logo\/image\/\",\"url\":\"https:\/\/airportkomoca.com\/wp-content\/uploads\/wwa-logo.png\",\"contentUrl\":\"https:\/\/airportkomoca.com\/wp-content\/uploads\/wwa-logo.png\",\"width\":476,\"height\":328,\"caption\":\"White Wings Aeroklub\"},\"image\":{\"@id\":\"https:\/\/airportkomoca.com\/hu\/#\/schema\/logo\/image\/\"},\"sameAs\":[\"https:\/\/www.facebook.com\/profile.php?id=100064129061738\"]}]}<\/script>\n<!-- \/ Yoast SEO plugin. -->","yoast_head_json":{"title":"Rep\u00fcl\u0151g\u00e9p b\u00e9rl\u00e9se | Letisko Komo\u010da | Airport Komo\u010da","robots":{"index":"index","follow":"follow","max-snippet":"max-snippet:-1","max-image-preview":"max-image-preview:large","max-video-preview":"max-video-preview:-1"},"canonical":"https:\/\/airportkomoca.com\/hu\/repulogep-berlese\/","og_locale":"hu_HU","og_type":"article","og_title":"Rep\u00fcl\u0151g\u00e9p b\u00e9rl\u00e9se | Letisko Komo\u010da | Airport Komo\u010da","og_url":"https:\/\/airportkomoca.com\/hu\/repulogep-berlese\/","og_site_name":"Letisko Komo\u010da | Airport Komo\u010da","article_publisher":"https:\/\/www.facebook.com\/profile.php?id=100064129061738","article_modified_time":"2025-04-08T06:59:58+00:00","og_image":[{"width":476,"height":328,"url":"https:\/\/airportkomoca.com\/wp-content\/uploads\/wwa-logo.png","type":"image\/png"}],"twitter_card":"summary_large_image","twitter_misc":{"Becs\u00fclt olvas\u00e1si id\u0151":"1 perc"},"schema":{"@context":"https:\/\/schema.org","@graph":[{"@type":"WebPage","@id":"https:\/\/airportkomoca.com\/hu\/repulogep-berlese\/","url":"https:\/\/airportkomoca.com\/hu\/repulogep-berlese\/","name":"Rep\u00fcl\u0151g\u00e9p b\u00e9rl\u00e9se | Letisko Komo\u010da | Airport Komo\u010da","isPartOf":{"@id":"https:\/\/airportkomoca.com\/hu\/#website"},"datePublished":"2025-02-21T08:44:54+00:00","dateModified":"2025-04-08T06:59:58+00:00","breadcrumb":{"@id":"https:\/\/airportkomoca.com\/hu\/repulogep-berlese\/#breadcrumb"},"inLanguage":"hu","potentialAction":[{"@type":"ReadAction","target":["https:\/\/airportkomoca.com\/hu\/repulogep-berlese\/"]}]},{"@type":"BreadcrumbList","@id":"https:\/\/airportkomoca.com\/hu\/repulogep-berlese\/#breadcrumb","itemListElement":[{"@type":"ListItem","position":1,"name":"Home","item":"https:\/\/airportkomoca.com\/hu\/fooldal\/"},{"@type":"ListItem","position":2,"name":"Rep\u00fcl\u0151g\u00e9p b\u00e9rl\u00e9se"}]},{"@type":"WebSite","@id":"https:\/\/airportkomoca.com\/hu\/#website","url":"https:\/\/airportkomoca.com\/hu\/","name":"Letisko Komo\u010da | Airport Komo\u010da","description":"Aeroklub White Wings","publisher":{"@id":"https:\/\/airportkomoca.com\/hu\/#organization"},"alternateName":"Aeroklub White Wings","potentialAction":[{"@type":"SearchAction","target":{"@type":"EntryPoint","urlTemplate":"https:\/\/airportkomoca.com\/hu\/?s={search_term_string}"},"query-input":{"@type":"PropertyValueSpecification","valueRequired":true,"valueName":"search_term_string"}}],"inLanguage":"hu"},{"@type":"Organization","@id":"https:\/\/airportkomoca.com\/hu\/#organization","name":"White Wings Aeroklub","alternateName":"Letisko Komo\u010da | Airport Komo\u010da","url":"https:\/\/airportkomoca.com\/hu\/","logo":{"@type":"ImageObject","inLanguage":"hu","@id":"https:\/\/airportkomoca.com\/hu\/#\/schema\/logo\/image\/","url":"https:\/\/airportkomoca.com\/wp-content\/uploads\/wwa-logo.png","contentUrl":"https:\/\/airportkomoca.com\/wp-content\/uploads\/wwa-logo.png","width":476,"height":328,"caption":"White Wings Aeroklub"},"image":{"@id":"https:\/\/airportkomoca.com\/hu\/#\/schema\/logo\/image\/"},"sameAs":["https:\/\/www.facebook.com\/profile.php?id=100064129061738"]}]}},"_links":{"self":[{"href":"https:\/\/airportkomoca.com\/hu\/wp-json\/wp\/v2\/pages\/1013","targetHints":{"allow":["GET"]}}],"collection":[{"href":"https:\/\/airportkomoca.com\/hu\/wp-json\/wp\/v2\/pages"}],"about":[{"href":"https:\/\/airportkomoca.com\/hu\/wp-json\/wp\/v2\/types\/page"}],"author":[{"embeddable":true,"href":"https:\/\/airportkomoca.com\/hu\/wp-json\/wp\/v2\/users\/1"}],"replies":[{"embeddable":true,"href":"https:\/\/airportkomoca.com\/hu\/wp-json\/wp\/v2\/comments?post=1013"}],"version-history":[{"count":0,"href":"https:\/\/airportkomoca.com\/hu\/wp-json\/wp\/v2\/pages\/1013\/revisions"}],"wp:attachment":[{"href":"https:\/\/airportkomoca.com\/hu\/wp-json\/wp\/v2\/media?parent=1013"}],"curies":[{"name":"wp","href":"https:\/\/api.w.org\/{rel}","templated":true}]}}