{"id":907,"date":"2025-02-21T09:47:18","date_gmt":"2025-02-21T08:47:18","guid":{"rendered":"https:\/\/letisko.buges.sk\/flying-school\/"},"modified":"2025-02-26T12:00:37","modified_gmt":"2025-02-26T11:00:37","slug":"flying-school","status":"publish","type":"page","link":"https:\/\/airportkomoca.com\/en\/flying-school\/","title":{"rendered":"Flying school"},"content":{"rendered":"\n  <div id=\"page-header-603913137\" class=\"page-header-wrapper\">\n  <div class=\"page-title dark featured-title\">\n\n        <div class=\"page-title-bg\">\n      <div class=\"title-bg fill bg-fill\"\n        data-parallax-container=\".page-title\"\n        data-parallax-background\n        data-parallax=\"-\">\n      <\/div>\n      <div class=\"title-overlay fill\"><\/div>\n    <\/div>\n    \n    <div class=\"page-title-inner container align-center text-center flex-row-col medium-flex-wrap\" >\n              <div class=\"title-wrapper uppercase flex-col\">\n          <h1 class=\"entry-title mb-0\">\n            Flying school          <\/h1>\n        <\/div>\n                    <div class=\"title-content flex-col\">\n              <\/div>\n    <\/div>\n\n     \n<style>\n#page-header-603913137 .page-title-inner {\n  min-height: 200px;\n}\n#page-header-603913137 .title-bg {\n  background-image: url(https:\/\/airportkomoca.com\/wp-content\/uploads\/lk-hero-banner-2.jpg);\n  background-position: 50% 50%;\n}\n#page-header-603913137 .title-overlay {\n  background-color: rgba(0,0,0,.5);\n}\n<\/style>\n  <\/div>\n    <\/div>\n  \n\n\n\t<section class=\"section\" id=\"section_1943162020\">\n\t\t<div class=\"section-bg fill\" >\n\t\t\t\t\t\t\t\t\t\n\t\t\t\n\n\t\t<\/div>\n\n\t\t\n\n\t\t<div class=\"section-content relative\">\n\t\t\t\n\n<div class=\"row\"  id=\"row-1334544011\">\n\n\n\t<div id=\"col-578487137\" class=\"col medium-4 small-12 large-4\"  >\n\t\t\t\t<div class=\"col-inner\"  >\n\t\t\t\n\t\t\t\n\n\t<div class=\"img has-hover x md-x lg-x y md-y lg-y\" id=\"image_713367696\">\n\t\t\t\t\t\t\t\t<div class=\"img-inner dark\" >\n\t\t\t<img decoding=\"async\" width=\"768\" height=\"1024\" src=\"https:\/\/airportkomoca.com\/wp-content\/uploads\/letecka-skola.jpeg\" class=\"attachment-original size-original\" alt=\"\" \/>\t\t\t\t\t\t\n\t\t\t\t\t<\/div>\n\t\t\t\t\t\t\t\t\n<style>\n#image_713367696 {\n  width: 100%;\n}\n<\/style>\n\t<\/div>\n\t\n\n\n\t\t<\/div>\n\t\t\t\t\t<\/div>\n\n\t\n\n\t<div id=\"col-26523900\" class=\"col medium-8 small-12 large-8 small-col-first\"  >\n\t\t\t\t<div class=\"col-inner\"  >\n\t\t\t\n\t\t\t\n\n<p>Komo\u010da Airport cooperates with school centers for training pilots of ultralight aircraft in \u0160urany and Nov\u00e9 Z\u00e1mky. Our organization is part of the Slovak Aviation Federation, which brings together those interested in recreational and sport flying. The main program of our center is the theoretical and practical training of future pilots of motorized aircraft &#8211; flying sports machines.  <\/p>\n<p><strong>Any medically fit candidate who has reached the age of 16, has completed theoretical and practical training in a training facility and successfully passed theoretical and practical examinations in an authorized legal organization can become a pilot. Practical training may only be conducted in flying sports machines approved and designated for that purpose by a training facility. Every person interested in training under SLF must be a member of the <a href=\"https:\/\/slf.sk\/\" target=\"_blank\" rel=\"noopener\">Slovak Aviation Federation<\/a>.  <\/strong><\/p>\n<p>If you are not sure or do not yet know if you will like it, or you just want to try what it feels like, register for the \u201c<a href=\"https:\/\/airportkomoca.com\/en\/promotional-sightseeing-flights\/\">Promotional (sightseeing) flights<\/a>\u201c or \u201c<a href=\"https:\/\/airportkomoca.com\/en\/pilot-on-trial\/\">Pilot on trial<\/a>\u201c.<\/p>\n<p>As part of the training, the school provides training for the category of <strong>single-engine aircraft with fixed airfoils<\/strong> with aerodynamic control, i.e. conventional aircraft, as well as <strong>flying sports machines with rotating bearing surfaces<\/strong>, i.e. gyroscopes (gyrocopter, autogyro)  <\/p>\n\n\t\t<\/div>\n\t\t\t\t\t<\/div>\n\n\t\n\n\t<div id=\"col-1893597211\" class=\"col small-12 large-12\"  >\n\t\t\t\t<div class=\"col-inner\"  >\n\t\t\t\n\t\t\t\n\n\t<div id=\"text-2112808125\" class=\"text strong\">\n\t\t\n\n<p>REGISTER FOR OUR AVIATION SCHOOL, GET A PILOT LICENSE FOR FLYING SPORTS MACHINES AND BECOME A PILOT OF AN AIRCRAFT OR GYROSCOPE.<\/p>\n\t\t\n<style>\n#text-2112808125 {\n  font-size: 1.75rem;\n  text-align: center;\n  color: #d26e4b;\n}\n#text-2112808125 > * {\n  color: #d26e4b;\n}\n<\/style>\n\t<\/div>\n\t\n\n\t\t<\/div>\n\t\t\t\t\t<\/div>\n\n\t\n\n<\/div>\n\n\t\t<\/div>\n\n\t\t\n<style>\n#section_1943162020 {\n  padding-top: 30px;\n  padding-bottom: 30px;\n}\n<\/style>\n\t<\/section>\n\t\n\n","protected":false},"excerpt":{"rendered":"","protected":false},"author":1,"featured_media":0,"parent":0,"menu_order":0,"comment_status":"closed","ping_status":"closed","template":"","meta":{"footnotes":""},"class_list":["post-907","page","type-page","status-publish","hentry"],"yoast_head":"<!-- This site is optimized with the Yoast SEO plugin v24.9 - https:\/\/yoast.com\/wordpress\/plugins\/seo\/ -->\n<title>Flying school | Letisko Komo\u010da | Airport Komo\u010da<\/title>\n<meta name=\"robots\" content=\"index, follow, max-snippet:-1, max-image-preview:large, max-video-preview:-1\" \/>\n<link rel=\"canonical\" href=\"https:\/\/airportkomoca.com\/en\/flying-school\/\" \/>\n<meta property=\"og:locale\" content=\"en_US\" \/>\n<meta property=\"og:type\" content=\"article\" \/>\n<meta property=\"og:title\" content=\"Flying school | Letisko Komo\u010da | Airport Komo\u010da\" \/>\n<meta property=\"og:url\" content=\"https:\/\/airportkomoca.com\/en\/flying-school\/\" \/>\n<meta property=\"og:site_name\" content=\"Letisko Komo\u010da | Airport Komo\u010da\" \/>\n<meta property=\"article:publisher\" content=\"https:\/\/www.facebook.com\/profile.php?id=100064129061738\" \/>\n<meta property=\"article:modified_time\" content=\"2025-02-26T11:00:37+00:00\" \/>\n<meta property=\"og:image\" content=\"https:\/\/airportkomoca.com\/wp-content\/uploads\/wwa-logo.png\" \/>\n\t<meta property=\"og:image:width\" content=\"476\" \/>\n\t<meta property=\"og:image:height\" content=\"328\" \/>\n\t<meta property=\"og:image:type\" content=\"image\/png\" \/>\n<meta name=\"twitter:card\" content=\"summary_large_image\" \/>\n<meta name=\"twitter:label1\" content=\"Est. reading time\" \/>\n\t<meta name=\"twitter:data1\" content=\"1 minute\" \/>\n<script type=\"application\/ld+json\" class=\"yoast-schema-graph\">{\"@context\":\"https:\/\/schema.org\",\"@graph\":[{\"@type\":\"WebPage\",\"@id\":\"https:\/\/airportkomoca.com\/en\/flying-school\/\",\"url\":\"https:\/\/airportkomoca.com\/en\/flying-school\/\",\"name\":\"Flying school | Letisko Komo\u010da | Airport Komo\u010da\",\"isPartOf\":{\"@id\":\"https:\/\/airportkomoca.com\/en\/#website\"},\"datePublished\":\"2025-02-21T08:47:18+00:00\",\"dateModified\":\"2025-02-26T11:00:37+00:00\",\"breadcrumb\":{\"@id\":\"https:\/\/airportkomoca.com\/en\/flying-school\/#breadcrumb\"},\"inLanguage\":\"en-US\",\"potentialAction\":[{\"@type\":\"ReadAction\",\"target\":[\"https:\/\/airportkomoca.com\/en\/flying-school\/\"]}]},{\"@type\":\"BreadcrumbList\",\"@id\":\"https:\/\/airportkomoca.com\/en\/flying-school\/#breadcrumb\",\"itemListElement\":[{\"@type\":\"ListItem\",\"position\":1,\"name\":\"Home\",\"item\":\"https:\/\/airportkomoca.com\/en\/home\/\"},{\"@type\":\"ListItem\",\"position\":2,\"name\":\"Flying school\"}]},{\"@type\":\"WebSite\",\"@id\":\"https:\/\/airportkomoca.com\/en\/#website\",\"url\":\"https:\/\/airportkomoca.com\/en\/\",\"name\":\"Letisko Komo\u010da | Airport Komo\u010da\",\"description\":\"Aeroklub White Wings\",\"publisher\":{\"@id\":\"https:\/\/airportkomoca.com\/en\/#organization\"},\"alternateName\":\"Aeroklub White Wings\",\"potentialAction\":[{\"@type\":\"SearchAction\",\"target\":{\"@type\":\"EntryPoint\",\"urlTemplate\":\"https:\/\/airportkomoca.com\/en\/?s={search_term_string}\"},\"query-input\":{\"@type\":\"PropertyValueSpecification\",\"valueRequired\":true,\"valueName\":\"search_term_string\"}}],\"inLanguage\":\"en-US\"},{\"@type\":\"Organization\",\"@id\":\"https:\/\/airportkomoca.com\/en\/#organization\",\"name\":\"White Wings Aeroklub\",\"alternateName\":\"Letisko Komo\u010da | Airport Komo\u010da\",\"url\":\"https:\/\/airportkomoca.com\/en\/\",\"logo\":{\"@type\":\"ImageObject\",\"inLanguage\":\"en-US\",\"@id\":\"https:\/\/airportkomoca.com\/en\/#\/schema\/logo\/image\/\",\"url\":\"https:\/\/airportkomoca.com\/wp-content\/uploads\/wwa-logo.png\",\"contentUrl\":\"https:\/\/airportkomoca.com\/wp-content\/uploads\/wwa-logo.png\",\"width\":476,\"height\":328,\"caption\":\"White Wings Aeroklub\"},\"image\":{\"@id\":\"https:\/\/airportkomoca.com\/en\/#\/schema\/logo\/image\/\"},\"sameAs\":[\"https:\/\/www.facebook.com\/profile.php?id=100064129061738\"]}]}<\/script>\n<!-- \/ Yoast SEO plugin. -->","yoast_head_json":{"title":"Flying school | Letisko Komo\u010da | Airport Komo\u010da","robots":{"index":"index","follow":"follow","max-snippet":"max-snippet:-1","max-image-preview":"max-image-preview:large","max-video-preview":"max-video-preview:-1"},"canonical":"https:\/\/airportkomoca.com\/en\/flying-school\/","og_locale":"en_US","og_type":"article","og_title":"Flying school | Letisko Komo\u010da | Airport Komo\u010da","og_url":"https:\/\/airportkomoca.com\/en\/flying-school\/","og_site_name":"Letisko Komo\u010da | Airport Komo\u010da","article_publisher":"https:\/\/www.facebook.com\/profile.php?id=100064129061738","article_modified_time":"2025-02-26T11:00:37+00:00","og_image":[{"width":476,"height":328,"url":"https:\/\/airportkomoca.com\/wp-content\/uploads\/wwa-logo.png","type":"image\/png"}],"twitter_card":"summary_large_image","twitter_misc":{"Est. reading time":"1 minute"},"schema":{"@context":"https:\/\/schema.org","@graph":[{"@type":"WebPage","@id":"https:\/\/airportkomoca.com\/en\/flying-school\/","url":"https:\/\/airportkomoca.com\/en\/flying-school\/","name":"Flying school | Letisko Komo\u010da | Airport Komo\u010da","isPartOf":{"@id":"https:\/\/airportkomoca.com\/en\/#website"},"datePublished":"2025-02-21T08:47:18+00:00","dateModified":"2025-02-26T11:00:37+00:00","breadcrumb":{"@id":"https:\/\/airportkomoca.com\/en\/flying-school\/#breadcrumb"},"inLanguage":"en-US","potentialAction":[{"@type":"ReadAction","target":["https:\/\/airportkomoca.com\/en\/flying-school\/"]}]},{"@type":"BreadcrumbList","@id":"https:\/\/airportkomoca.com\/en\/flying-school\/#breadcrumb","itemListElement":[{"@type":"ListItem","position":1,"name":"Home","item":"https:\/\/airportkomoca.com\/en\/home\/"},{"@type":"ListItem","position":2,"name":"Flying school"}]},{"@type":"WebSite","@id":"https:\/\/airportkomoca.com\/en\/#website","url":"https:\/\/airportkomoca.com\/en\/","name":"Letisko Komo\u010da | Airport Komo\u010da","description":"Aeroklub White Wings","publisher":{"@id":"https:\/\/airportkomoca.com\/en\/#organization"},"alternateName":"Aeroklub White Wings","potentialAction":[{"@type":"SearchAction","target":{"@type":"EntryPoint","urlTemplate":"https:\/\/airportkomoca.com\/en\/?s={search_term_string}"},"query-input":{"@type":"PropertyValueSpecification","valueRequired":true,"valueName":"search_term_string"}}],"inLanguage":"en-US"},{"@type":"Organization","@id":"https:\/\/airportkomoca.com\/en\/#organization","name":"White Wings Aeroklub","alternateName":"Letisko Komo\u010da | Airport Komo\u010da","url":"https:\/\/airportkomoca.com\/en\/","logo":{"@type":"ImageObject","inLanguage":"en-US","@id":"https:\/\/airportkomoca.com\/en\/#\/schema\/logo\/image\/","url":"https:\/\/airportkomoca.com\/wp-content\/uploads\/wwa-logo.png","contentUrl":"https:\/\/airportkomoca.com\/wp-content\/uploads\/wwa-logo.png","width":476,"height":328,"caption":"White Wings Aeroklub"},"image":{"@id":"https:\/\/airportkomoca.com\/en\/#\/schema\/logo\/image\/"},"sameAs":["https:\/\/www.facebook.com\/profile.php?id=100064129061738"]}]}},"_links":{"self":[{"href":"https:\/\/airportkomoca.com\/en\/wp-json\/wp\/v2\/pages\/907","targetHints":{"allow":["GET"]}}],"collection":[{"href":"https:\/\/airportkomoca.com\/en\/wp-json\/wp\/v2\/pages"}],"about":[{"href":"https:\/\/airportkomoca.com\/en\/wp-json\/wp\/v2\/types\/page"}],"author":[{"embeddable":true,"href":"https:\/\/airportkomoca.com\/en\/wp-json\/wp\/v2\/users\/1"}],"replies":[{"embeddable":true,"href":"https:\/\/airportkomoca.com\/en\/wp-json\/wp\/v2\/comments?post=907"}],"version-history":[{"count":0,"href":"https:\/\/airportkomoca.com\/en\/wp-json\/wp\/v2\/pages\/907\/revisions"}],"wp:attachment":[{"href":"https:\/\/airportkomoca.com\/en\/wp-json\/wp\/v2\/media?parent=907"}],"curies":[{"name":"wp","href":"https:\/\/api.w.org\/{rel}","templated":true}]}}